{"id":2871,"date":"2024-01-22T19:52:17","date_gmt":"2024-01-22T19:52:17","guid":{"rendered":"https:\/\/coreplus.wpengine.com\/informacion-de-hipaa\/"},"modified":"2024-01-22T22:07:19","modified_gmt":"2024-01-22T22:07:19","slug":"informacion-de-hipaa","status":"publish","type":"page","link":"https:\/\/corepluspr.com\/es\/informacion-de-hipaa\/","title":{"rendered":"Informaci\u00f3n de HIPAA"},"content":{"rendered":"\n<p>La Ley de Transferencia y Responsabilidad de Seguro M\u00e9dico (Health Insurance Portability and Accountability Act, \u201cHIPAA\u201d por sus siglas en ingl\u00e9s) protege su privacidad. La implementaci\u00f3n de los requerimientos de HIPAA comenz\u00f3 oficialmente el 14 de abril de 2003. HIPAA le provee al paciente unos derechos y protecciones. Balanceamos estas necesidades con nuestra meta de proveerle un servicio y cuidado profesional de calidad. Para obtener informaci\u00f3n adicional sobre la ley HIPAA puede acceder a www.hhs.gov. <\/p>\n\n<p>Hemos adoptado las siguientes pol\u00edticas: <\/p>\n\n<ol class=\"wp-block-list\">\n<li>La informaci\u00f3n del paciente se mantiene confidencial, excepto cuando sea requerido por ley o por autoridades de salud p\u00fablica autorizadas por ley a recopilar o recibir determinada informaci\u00f3n o cuando sea necesario para llevar a cabo tratamientos, pagos, transacciones y operaciones de nuestro laboratorio. Esto puede incluir compartir su informaci\u00f3n con proveedores de salud, laboratorios y planes m\u00e9dicos cuando sea necesario y apropiado para su atenci\u00f3n y cuidado. Es posible que el r\u00e9cord m\u00e9dico del paciente se guarde en un archivo que est\u00e9 localizado en alg\u00fan sitio abierto del laboratorio o no sea un archivo cerrado y que el r\u00e9cord no contenga alg\u00fan c\u00f3digo que identifique la condici\u00f3n del paciente o informaci\u00f3n que ya no sea un asunto de conocimiento p\u00fablico. Con el prop\u00f3sito de proveerle el cuidado necesario, el r\u00e9cord m\u00e9dico podr\u00eda estar, temporeramente, en \u00e1reas administrativas como por ejemplo la oficina principal, cuarto de examinaci\u00f3n, etc. El r\u00e9cord no va a estar disponible para personas que no sean parte del laboratorio o equipo m\u00e9dico. Usted est\u00e1 de acuerdo con estos procedimientos que se llevan a cabo dentro del laboratorio a la hora de examinar su expediente y otros documentos acerca de su informaci\u00f3n.<\/li>\n\n\n\n<li>Es pol\u00edtica del laboratorio recordarles a los pacientes su cita m\u00e9dica. Esto se puede llevar a cabo por tel\u00e9fono, correo electr\u00f3nico u otro m\u00e9todo conveniente para el laboratorio o alguno solicitado por el paciente. Tambi\u00e9n podr\u00edan recibir alg\u00fan comunicado inform\u00e1ndoles de alg\u00fan cambio a la pol\u00edtica de la oficina o alguna tecnolog\u00eda m\u00e9dica del laboratorio que pudiera ser de valor informativo.<\/li>\n\n\n\n<li>Entiende y aprueba las inspecciones llevadas a cabo en los laboratorios y a la revisi\u00f3n de documentos que pudieran incluir informaci\u00f3n de salud protegida (Protected Health Information, \u201cPHI\u201d por sus siglas en ingl\u00e9s) por las agencias gubernamentales o proveedores de planes m\u00e9dicos.<\/li>\n\n\n\n<li>Est\u00e1 de acuerdo con se\u00f1alar alguna duda o sugerencia con respecto a la privacidad de su informaci\u00f3n al administrador del laboratorio o al doctor.<\/li>\n\n\n\n<li>Su informaci\u00f3n confidencial no se utilizar\u00e1 para prop\u00f3sitos de mercadeo o propaganda de productos o servicios, excepto para proveer informaci\u00f3n de los servicios del laboratorio.<\/li>\n\n\n\n<li>Aceptamos proveerle al paciente acceso a su r\u00e9cord seg\u00fan lo establecen las leyes estatales y federales.<\/li>\n\n\n\n<li>Podemos modificar estas pol\u00edticas para servir mejor las necesidades del paciente y del laboratorio.<\/li>\n\n\n\n<li>Usted tiene el derecho de solicitar restricciones en el uso de su informaci\u00f3n m\u00e9dica y de solicitar alg\u00fan cambio en ciertas pol\u00edticas que se usan referente a su informaci\u00f3n m\u00e9dica. Sin embargo, no estamos obligados a alterar pol\u00edticas internas para conformarlas a su petici\u00f3n.<\/li>\n<\/ol>\n","protected":false},"excerpt":{"rendered":"<p>La Ley de Transferencia y Responsabilidad de Seguro M\u00e9dico (Health Insurance Portability and Accountability Act, \u201cHIPAA\u201d por sus siglas en ingl\u00e9s) protege su privacidad. La implementaci\u00f3n de los requerimientos de HIPAA comenz\u00f3 oficialmente el 14 de abril de 2003. HIPAA le provee al paciente unos derechos y protecciones. Balanceamos estas necesidades con nuestra meta de [&hellip;]<\/p>\n","protected":false},"author":1,"featured_media":0,"parent":0,"menu_order":0,"comment_status":"closed","ping_status":"closed","template":"","meta":{"_acf_changed":false,"footnotes":""},"class_list":["post-2871","page","type-page","status-publish","hentry"],"acf":[],"yoast_head":"<!-- This site is optimized with the Yoast SEO plugin v27.1.1 - https:\/\/yoast.com\/product\/yoast-seo-wordpress\/ -->\n<title>Informaci\u00f3n de HIPAA - CorePlus<\/title>\n<meta name=\"robots\" content=\"index, follow, max-snippet:-1, max-image-preview:large, max-video-preview:-1\" \/>\n<link rel=\"canonical\" href=\"https:\/\/corepluspr.com\/hipaa-information\/\" \/>\n<meta property=\"og:locale\" content=\"es_ES\" \/>\n<meta property=\"og:type\" content=\"article\" \/>\n<meta property=\"og:title\" content=\"Informaci\u00f3n de HIPAA - CorePlus\" \/>\n<meta property=\"og:description\" content=\"La Ley de Transferencia y Responsabilidad de Seguro M\u00e9dico (Health Insurance Portability and Accountability Act, \u201cHIPAA\u201d por sus siglas en ingl\u00e9s) protege su privacidad. La implementaci\u00f3n de los requerimientos de HIPAA comenz\u00f3 oficialmente el 14 de abril de 2003. HIPAA le provee al paciente unos derechos y protecciones. Balanceamos estas necesidades con nuestra meta de [&hellip;]\" \/>\n<meta property=\"og:url\" content=\"https:\/\/corepluspr.com\/hipaa-information\/\" \/>\n<meta property=\"og:site_name\" content=\"CorePlus\" \/>\n<meta property=\"article:publisher\" content=\"https:\/\/www.facebook.com\/corepluspr\" \/>\n<meta property=\"article:modified_time\" content=\"2024-01-22T22:07:19+00:00\" \/>\n<meta name=\"twitter:card\" content=\"summary_large_image\" \/>\n<meta name=\"twitter:site\" content=\"@corepluspr\" \/>\n<meta name=\"twitter:label1\" content=\"Tiempo de lectura\" \/>\n\t<meta name=\"twitter:data1\" content=\"3 minutos\" \/>\n<script type=\"application\/ld+json\" class=\"yoast-schema-graph\">{\"@context\":\"https:\/\/schema.org\",\"@graph\":[{\"@type\":\"WebPage\",\"@id\":\"https:\/\/corepluspr.com\/hipaa-information\/\",\"url\":\"https:\/\/corepluspr.com\/hipaa-information\/\",\"name\":\"Informaci\u00f3n de HIPAA - CorePlus\",\"isPartOf\":{\"@id\":\"https:\/\/corepluspr.com\/#website\"},\"datePublished\":\"2024-01-22T19:52:17+00:00\",\"dateModified\":\"2024-01-22T22:07:19+00:00\",\"breadcrumb\":{\"@id\":\"https:\/\/corepluspr.com\/hipaa-information\/#breadcrumb\"},\"inLanguage\":\"es\",\"potentialAction\":[{\"@type\":\"ReadAction\",\"target\":[\"https:\/\/corepluspr.com\/hipaa-information\/\"]}]},{\"@type\":\"BreadcrumbList\",\"@id\":\"https:\/\/corepluspr.com\/hipaa-information\/#breadcrumb\",\"itemListElement\":[{\"@type\":\"ListItem\",\"position\":1,\"name\":\"Home\",\"item\":\"https:\/\/corepluspr.com\/es\/inicio\/\"},{\"@type\":\"ListItem\",\"position\":2,\"name\":\"Informaci\u00f3n de HIPAA\"}]},{\"@type\":\"WebSite\",\"@id\":\"https:\/\/corepluspr.com\/#website\",\"url\":\"https:\/\/corepluspr.com\/\",\"name\":\"CorePlus\",\"description\":\"A Global Leader in Precision Pathology and Laboratory Testing\",\"publisher\":{\"@id\":\"https:\/\/corepluspr.com\/#organization\"},\"potentialAction\":[{\"@type\":\"SearchAction\",\"target\":{\"@type\":\"EntryPoint\",\"urlTemplate\":\"https:\/\/corepluspr.com\/?s={search_term_string}\"},\"query-input\":{\"@type\":\"PropertyValueSpecification\",\"valueRequired\":true,\"valueName\":\"search_term_string\"}}],\"inLanguage\":\"es\"},{\"@type\":\"Organization\",\"@id\":\"https:\/\/corepluspr.com\/#organization\",\"name\":\"CorePlus\",\"url\":\"https:\/\/corepluspr.com\/\",\"logo\":{\"@type\":\"ImageObject\",\"inLanguage\":\"es\",\"@id\":\"https:\/\/corepluspr.com\/#\/schema\/logo\/image\/\",\"url\":\"https:\/\/corepluspr.com\/wp-content\/uploads\/2023\/08\/CP_logo-9.png\",\"contentUrl\":\"https:\/\/corepluspr.com\/wp-content\/uploads\/2023\/08\/CP_logo-9.png\",\"width\":600,\"height\":600,\"caption\":\"CorePlus\"},\"image\":{\"@id\":\"https:\/\/corepluspr.com\/#\/schema\/logo\/image\/\"},\"sameAs\":[\"https:\/\/www.facebook.com\/corepluspr\",\"https:\/\/x.com\/corepluspr\",\"https:\/\/www.instagram.com\/corepluspr\/\",\"https:\/\/www.youtube.com\/@corepluspr\",\"https:\/\/www.linkedin.com\/company\/corepluspr\"]}]}<\/script>\n<!-- \/ Yoast SEO plugin. -->","yoast_head_json":{"title":"Informaci\u00f3n de HIPAA - CorePlus","robots":{"index":"index","follow":"follow","max-snippet":"max-snippet:-1","max-image-preview":"max-image-preview:large","max-video-preview":"max-video-preview:-1"},"canonical":"https:\/\/corepluspr.com\/hipaa-information\/","og_locale":"es_ES","og_type":"article","og_title":"Informaci\u00f3n de HIPAA - CorePlus","og_description":"La Ley de Transferencia y Responsabilidad de Seguro M\u00e9dico (Health Insurance Portability and Accountability Act, \u201cHIPAA\u201d por sus siglas en ingl\u00e9s) protege su privacidad. La implementaci\u00f3n de los requerimientos de HIPAA comenz\u00f3 oficialmente el 14 de abril de 2003. HIPAA le provee al paciente unos derechos y protecciones. Balanceamos estas necesidades con nuestra meta de [&hellip;]","og_url":"https:\/\/corepluspr.com\/hipaa-information\/","og_site_name":"CorePlus","article_publisher":"https:\/\/www.facebook.com\/corepluspr","article_modified_time":"2024-01-22T22:07:19+00:00","twitter_card":"summary_large_image","twitter_site":"@corepluspr","twitter_misc":{"Tiempo de lectura":"3 minutos"},"schema":{"@context":"https:\/\/schema.org","@graph":[{"@type":"WebPage","@id":"https:\/\/corepluspr.com\/hipaa-information\/","url":"https:\/\/corepluspr.com\/hipaa-information\/","name":"Informaci\u00f3n de HIPAA - CorePlus","isPartOf":{"@id":"https:\/\/corepluspr.com\/#website"},"datePublished":"2024-01-22T19:52:17+00:00","dateModified":"2024-01-22T22:07:19+00:00","breadcrumb":{"@id":"https:\/\/corepluspr.com\/hipaa-information\/#breadcrumb"},"inLanguage":"es","potentialAction":[{"@type":"ReadAction","target":["https:\/\/corepluspr.com\/hipaa-information\/"]}]},{"@type":"BreadcrumbList","@id":"https:\/\/corepluspr.com\/hipaa-information\/#breadcrumb","itemListElement":[{"@type":"ListItem","position":1,"name":"Home","item":"https:\/\/corepluspr.com\/es\/inicio\/"},{"@type":"ListItem","position":2,"name":"Informaci\u00f3n de HIPAA"}]},{"@type":"WebSite","@id":"https:\/\/corepluspr.com\/#website","url":"https:\/\/corepluspr.com\/","name":"CorePlus","description":"A Global Leader in Precision Pathology and Laboratory Testing","publisher":{"@id":"https:\/\/corepluspr.com\/#organization"},"potentialAction":[{"@type":"SearchAction","target":{"@type":"EntryPoint","urlTemplate":"https:\/\/corepluspr.com\/?s={search_term_string}"},"query-input":{"@type":"PropertyValueSpecification","valueRequired":true,"valueName":"search_term_string"}}],"inLanguage":"es"},{"@type":"Organization","@id":"https:\/\/corepluspr.com\/#organization","name":"CorePlus","url":"https:\/\/corepluspr.com\/","logo":{"@type":"ImageObject","inLanguage":"es","@id":"https:\/\/corepluspr.com\/#\/schema\/logo\/image\/","url":"https:\/\/corepluspr.com\/wp-content\/uploads\/2023\/08\/CP_logo-9.png","contentUrl":"https:\/\/corepluspr.com\/wp-content\/uploads\/2023\/08\/CP_logo-9.png","width":600,"height":600,"caption":"CorePlus"},"image":{"@id":"https:\/\/corepluspr.com\/#\/schema\/logo\/image\/"},"sameAs":["https:\/\/www.facebook.com\/corepluspr","https:\/\/x.com\/corepluspr","https:\/\/www.instagram.com\/corepluspr\/","https:\/\/www.youtube.com\/@corepluspr","https:\/\/www.linkedin.com\/company\/corepluspr"]}]}},"_links":{"self":[{"href":"https:\/\/corepluspr.com\/es\/wp-json\/wp\/v2\/pages\/2871","targetHints":{"allow":["GET"]}}],"collection":[{"href":"https:\/\/corepluspr.com\/es\/wp-json\/wp\/v2\/pages"}],"about":[{"href":"https:\/\/corepluspr.com\/es\/wp-json\/wp\/v2\/types\/page"}],"author":[{"embeddable":true,"href":"https:\/\/corepluspr.com\/es\/wp-json\/wp\/v2\/users\/1"}],"replies":[{"embeddable":true,"href":"https:\/\/corepluspr.com\/es\/wp-json\/wp\/v2\/comments?post=2871"}],"version-history":[{"count":0,"href":"https:\/\/corepluspr.com\/es\/wp-json\/wp\/v2\/pages\/2871\/revisions"}],"wp:attachment":[{"href":"https:\/\/corepluspr.com\/es\/wp-json\/wp\/v2\/media?parent=2871"}],"curies":[{"name":"wp","href":"https:\/\/api.w.org\/{rel}","templated":true}]}}