{"id":3456,"date":"2024-04-23T15:42:49","date_gmt":"2024-04-23T15:42:49","guid":{"rendered":"https:\/\/corepluspr.com\/product\/panel-de-salud-cardiaca\/"},"modified":"2024-05-16T16:53:45","modified_gmt":"2024-05-16T16:53:45","slug":"panel-de-salud-cardiaca","status":"publish","type":"product","link":"https:\/\/corepluspr.com\/es\/producto\/panel-de-salud-cardiaca\/","title":{"rendered":"Panel de Salud Card\u00edaca"},"content":{"rendered":"<p>El Panel de Salud Card\u00edaca es una evaluaci\u00f3n integral dise\u00f1ada para evaluar diversos aspectos de su salud cardiovascular. El Panel de Salud Card\u00edaca incluye las siguientes pruebas:<\/p>\n<p><strong>Colesterol total *<\/strong>&#8211; Mide todo el colesterol de la sangre. Niveles elevados son un factor de riesgo para enfermedad cardiaca.<\/p>\n<p><strong>Colesterol de lipoprote\u00ednas de baja densidad (LDL)*<\/strong> &#8211; A menudo denominado colesterol \u00abmalo\u00bb. Los niveles altos de LDL pueden llevar a formaci\u00f3n de placas ateromatosas en las arterias, aumentando el riesgo de ataques al coraz\u00f3n y derrames cerebrales.<\/p>\n<p><strong>Colesterol de lipoprote\u00ednas de alta densidad (HDL)*<\/strong> &#8211; Conocido como colesterol \u00abbueno\u00bb. Niveles altos de HDL suelen asociarse con menor riesgo de enfermedad card\u00edaca.<\/p>\n<p><strong>Prote\u00edna C reactiva de alta sensibilidad:<\/strong> la prote\u00edna C reactiva es un marcador de la inflamaci\u00f3n del organismo. Esta prueba de alta sensitividad puede detectar niveles m\u00e1s bajos de CRP. Los niveles elevados de este marcador est\u00e1n asociados a un mayor riesgo de infartos card\u00edacos y derrames cerebrales.<\/p>\n<p><strong>Hemoglobina A1c:<\/strong> Mide el nivel medio de az\u00facar (glucosa) en sangre durante los \u00faltimos tres (3) meses. Niveles elevados en esta prueba indican un pobre control de az\u00facar y un mayor riesgo de complicaciones de diabetes y enfermedad cardiaca.<\/p>\n<p><strong>Homociste\u00edna:<\/strong> An\u00e1lisis que mide los niveles de homociste\u00edna en sangre, un amino\u00e1cido. Sus niveles elevados est\u00e1n asociados a un mayor riesgo de enfermedad card\u00edaca, derrame cerebrales y enfermedad periferovascular.<\/p>\n<p>&nbsp;<\/p>\n<p>\u00a1Tome medidas proactivas hacia un coraz\u00f3n m\u00e1s saludable programando su Panel de Salud Card\u00edaca hoy mismo!<\/p>\n<p>&nbsp;<\/p>\n<p>Fuente: Cl\u00ednica Mayo<\/p>\n","protected":false},"excerpt":{"rendered":"<p>El Panel de Salud Card\u00edaca es una evaluaci\u00f3n integral dise\u00f1ada para evaluar diversos aspectos de su salud cardiovascular.<\/p>\n","protected":false},"featured_media":3527,"template":"","meta":{"_acf_changed":false},"product_brand":[],"product_cat":[44,68,78],"product_tag":[],"class_list":{"0":"post-3456","1":"product","2":"type-product","3":"status-publish","4":"has-post-thumbnail","6":"product_cat-pruebas","7":"product_cat-wellness-es","8":"product_cat-pruebas-de-salud-y-bienestar","10":"first","11":"instock","12":"virtual","13":"sold-individually","14":"taxable","15":"purchasable","16":"product-type-simple"},"acf":[],"yoast_head":"<!-- This site is optimized with the Yoast SEO plugin v27.1.1 - https:\/\/yoast.com\/product\/yoast-seo-wordpress\/ -->\n<title>Panel de Salud Card\u00edaca - CorePlus<\/title>\n<meta name=\"description\" content=\"El Panel de Salud Card\u00edaca es una evaluaci\u00f3n integral dise\u00f1ada para evaluar diversos aspectos de su salud cardiovascular.\" \/>\n<meta name=\"robots\" content=\"index, follow, max-snippet:-1, max-image-preview:large, max-video-preview:-1\" \/>\n<link rel=\"canonical\" href=\"https:\/\/corepluspr.com\/es\/producto\/panel-de-salud-cardiaca\/\" \/>\n<meta property=\"og:locale\" content=\"es_ES\" \/>\n<meta property=\"og:type\" content=\"article\" \/>\n<meta property=\"og:title\" content=\"Panel de Salud Card\u00edaca - CorePlus\" \/>\n<meta property=\"og:description\" content=\"El Panel de Salud Card\u00edaca es una evaluaci\u00f3n integral dise\u00f1ada para evaluar diversos aspectos de su salud cardiovascular.\" \/>\n<meta property=\"og:url\" content=\"https:\/\/corepluspr.com\/es\/producto\/panel-de-salud-cardiaca\/\" \/>\n<meta property=\"og:site_name\" content=\"CorePlus\" \/>\n<meta property=\"article:publisher\" content=\"https:\/\/www.facebook.com\/corepluspr\" \/>\n<meta property=\"article:modified_time\" content=\"2024-05-16T16:53:45+00:00\" \/>\n<meta property=\"og:image\" content=\"https:\/\/corepluspr.com\/wp-content\/uploads\/2024\/04\/tests-img_heart.jpg\" \/>\n\t<meta property=\"og:image:width\" content=\"1288\" \/>\n\t<meta property=\"og:image:height\" content=\"1288\" \/>\n\t<meta property=\"og:image:type\" content=\"image\/jpeg\" \/>\n<meta name=\"twitter:card\" content=\"summary_large_image\" \/>\n<meta name=\"twitter:site\" content=\"@corepluspr\" \/>\n<meta name=\"twitter:label1\" content=\"Tiempo de lectura\" \/>\n\t<meta name=\"twitter:data1\" content=\"1 minuto\" \/>\n<script type=\"application\/ld+json\" class=\"yoast-schema-graph\">{\"@context\":\"https:\/\/schema.org\",\"@graph\":[{\"@type\":\"WebPage\",\"@id\":\"https:\/\/corepluspr.com\/es\/producto\/panel-de-salud-cardiaca\/\",\"url\":\"https:\/\/corepluspr.com\/es\/producto\/panel-de-salud-cardiaca\/\",\"name\":\"Panel de Salud Card\u00edaca - CorePlus\",\"isPartOf\":{\"@id\":\"https:\/\/corepluspr.com\/#website\"},\"primaryImageOfPage\":{\"@id\":\"https:\/\/corepluspr.com\/es\/producto\/panel-de-salud-cardiaca\/#primaryimage\"},\"image\":{\"@id\":\"https:\/\/corepluspr.com\/es\/producto\/panel-de-salud-cardiaca\/#primaryimage\"},\"thumbnailUrl\":\"https:\/\/corepluspr.com\/wp-content\/uploads\/2024\/04\/tests-img_heart.jpg\",\"datePublished\":\"2024-04-23T15:42:49+00:00\",\"dateModified\":\"2024-05-16T16:53:45+00:00\",\"description\":\"El Panel de Salud Card\u00edaca es una evaluaci\u00f3n integral dise\u00f1ada para evaluar diversos aspectos de su salud cardiovascular.\",\"breadcrumb\":{\"@id\":\"https:\/\/corepluspr.com\/es\/producto\/panel-de-salud-cardiaca\/#breadcrumb\"},\"inLanguage\":\"es\",\"potentialAction\":[{\"@type\":\"ReadAction\",\"target\":[\"https:\/\/corepluspr.com\/es\/producto\/panel-de-salud-cardiaca\/\"]}]},{\"@type\":\"ImageObject\",\"inLanguage\":\"es\",\"@id\":\"https:\/\/corepluspr.com\/es\/producto\/panel-de-salud-cardiaca\/#primaryimage\",\"url\":\"https:\/\/corepluspr.com\/wp-content\/uploads\/2024\/04\/tests-img_heart.jpg\",\"contentUrl\":\"https:\/\/corepluspr.com\/wp-content\/uploads\/2024\/04\/tests-img_heart.jpg\",\"width\":1288,\"height\":1288},{\"@type\":\"BreadcrumbList\",\"@id\":\"https:\/\/corepluspr.com\/es\/producto\/panel-de-salud-cardiaca\/#breadcrumb\",\"itemListElement\":[{\"@type\":\"ListItem\",\"position\":1,\"name\":\"Home\",\"item\":\"https:\/\/corepluspr.com\/es\/inicio\/\"},{\"@type\":\"ListItem\",\"position\":2,\"name\":\"Tienda\",\"item\":\"https:\/\/corepluspr.com\/es\/tienda\/\"},{\"@type\":\"ListItem\",\"position\":3,\"name\":\"Panel de Salud Card\u00edaca\"}]},{\"@type\":\"WebSite\",\"@id\":\"https:\/\/corepluspr.com\/#website\",\"url\":\"https:\/\/corepluspr.com\/\",\"name\":\"CorePlus\",\"description\":\"A Global Leader in Precision Pathology and Laboratory Testing\",\"publisher\":{\"@id\":\"https:\/\/corepluspr.com\/#organization\"},\"potentialAction\":[{\"@type\":\"SearchAction\",\"target\":{\"@type\":\"EntryPoint\",\"urlTemplate\":\"https:\/\/corepluspr.com\/?s={search_term_string}\"},\"query-input\":{\"@type\":\"PropertyValueSpecification\",\"valueRequired\":true,\"valueName\":\"search_term_string\"}}],\"inLanguage\":\"es\"},{\"@type\":\"Organization\",\"@id\":\"https:\/\/corepluspr.com\/#organization\",\"name\":\"CorePlus\",\"url\":\"https:\/\/corepluspr.com\/\",\"logo\":{\"@type\":\"ImageObject\",\"inLanguage\":\"es\",\"@id\":\"https:\/\/corepluspr.com\/#\/schema\/logo\/image\/\",\"url\":\"https:\/\/corepluspr.com\/wp-content\/uploads\/2023\/08\/CP_logo-9.png\",\"contentUrl\":\"https:\/\/corepluspr.com\/wp-content\/uploads\/2023\/08\/CP_logo-9.png\",\"width\":600,\"height\":600,\"caption\":\"CorePlus\"},\"image\":{\"@id\":\"https:\/\/corepluspr.com\/#\/schema\/logo\/image\/\"},\"sameAs\":[\"https:\/\/www.facebook.com\/corepluspr\",\"https:\/\/x.com\/corepluspr\",\"https:\/\/www.instagram.com\/corepluspr\/\",\"https:\/\/www.youtube.com\/@corepluspr\",\"https:\/\/www.linkedin.com\/company\/corepluspr\"]}]}<\/script>\n<!-- \/ Yoast SEO plugin. -->","yoast_head_json":{"title":"Panel de Salud Card\u00edaca - CorePlus","description":"El Panel de Salud Card\u00edaca es una evaluaci\u00f3n integral dise\u00f1ada para evaluar diversos aspectos de su salud cardiovascular.","robots":{"index":"index","follow":"follow","max-snippet":"max-snippet:-1","max-image-preview":"max-image-preview:large","max-video-preview":"max-video-preview:-1"},"canonical":"https:\/\/corepluspr.com\/es\/producto\/panel-de-salud-cardiaca\/","og_locale":"es_ES","og_type":"article","og_title":"Panel de Salud Card\u00edaca - CorePlus","og_description":"El Panel de Salud Card\u00edaca es una evaluaci\u00f3n integral dise\u00f1ada para evaluar diversos aspectos de su salud cardiovascular.","og_url":"https:\/\/corepluspr.com\/es\/producto\/panel-de-salud-cardiaca\/","og_site_name":"CorePlus","article_publisher":"https:\/\/www.facebook.com\/corepluspr","article_modified_time":"2024-05-16T16:53:45+00:00","og_image":[{"width":1288,"height":1288,"url":"https:\/\/corepluspr.com\/wp-content\/uploads\/2024\/04\/tests-img_heart.jpg","type":"image\/jpeg"}],"twitter_card":"summary_large_image","twitter_site":"@corepluspr","twitter_misc":{"Tiempo de lectura":"1 minuto"},"schema":{"@context":"https:\/\/schema.org","@graph":[{"@type":"WebPage","@id":"https:\/\/corepluspr.com\/es\/producto\/panel-de-salud-cardiaca\/","url":"https:\/\/corepluspr.com\/es\/producto\/panel-de-salud-cardiaca\/","name":"Panel de Salud Card\u00edaca - CorePlus","isPartOf":{"@id":"https:\/\/corepluspr.com\/#website"},"primaryImageOfPage":{"@id":"https:\/\/corepluspr.com\/es\/producto\/panel-de-salud-cardiaca\/#primaryimage"},"image":{"@id":"https:\/\/corepluspr.com\/es\/producto\/panel-de-salud-cardiaca\/#primaryimage"},"thumbnailUrl":"https:\/\/corepluspr.com\/wp-content\/uploads\/2024\/04\/tests-img_heart.jpg","datePublished":"2024-04-23T15:42:49+00:00","dateModified":"2024-05-16T16:53:45+00:00","description":"El Panel de Salud Card\u00edaca es una evaluaci\u00f3n integral dise\u00f1ada para evaluar diversos aspectos de su salud cardiovascular.","breadcrumb":{"@id":"https:\/\/corepluspr.com\/es\/producto\/panel-de-salud-cardiaca\/#breadcrumb"},"inLanguage":"es","potentialAction":[{"@type":"ReadAction","target":["https:\/\/corepluspr.com\/es\/producto\/panel-de-salud-cardiaca\/"]}]},{"@type":"ImageObject","inLanguage":"es","@id":"https:\/\/corepluspr.com\/es\/producto\/panel-de-salud-cardiaca\/#primaryimage","url":"https:\/\/corepluspr.com\/wp-content\/uploads\/2024\/04\/tests-img_heart.jpg","contentUrl":"https:\/\/corepluspr.com\/wp-content\/uploads\/2024\/04\/tests-img_heart.jpg","width":1288,"height":1288},{"@type":"BreadcrumbList","@id":"https:\/\/corepluspr.com\/es\/producto\/panel-de-salud-cardiaca\/#breadcrumb","itemListElement":[{"@type":"ListItem","position":1,"name":"Home","item":"https:\/\/corepluspr.com\/es\/inicio\/"},{"@type":"ListItem","position":2,"name":"Tienda","item":"https:\/\/corepluspr.com\/es\/tienda\/"},{"@type":"ListItem","position":3,"name":"Panel de Salud Card\u00edaca"}]},{"@type":"WebSite","@id":"https:\/\/corepluspr.com\/#website","url":"https:\/\/corepluspr.com\/","name":"CorePlus","description":"A Global Leader in Precision Pathology and Laboratory Testing","publisher":{"@id":"https:\/\/corepluspr.com\/#organization"},"potentialAction":[{"@type":"SearchAction","target":{"@type":"EntryPoint","urlTemplate":"https:\/\/corepluspr.com\/?s={search_term_string}"},"query-input":{"@type":"PropertyValueSpecification","valueRequired":true,"valueName":"search_term_string"}}],"inLanguage":"es"},{"@type":"Organization","@id":"https:\/\/corepluspr.com\/#organization","name":"CorePlus","url":"https:\/\/corepluspr.com\/","logo":{"@type":"ImageObject","inLanguage":"es","@id":"https:\/\/corepluspr.com\/#\/schema\/logo\/image\/","url":"https:\/\/corepluspr.com\/wp-content\/uploads\/2023\/08\/CP_logo-9.png","contentUrl":"https:\/\/corepluspr.com\/wp-content\/uploads\/2023\/08\/CP_logo-9.png","width":600,"height":600,"caption":"CorePlus"},"image":{"@id":"https:\/\/corepluspr.com\/#\/schema\/logo\/image\/"},"sameAs":["https:\/\/www.facebook.com\/corepluspr","https:\/\/x.com\/corepluspr","https:\/\/www.instagram.com\/corepluspr\/","https:\/\/www.youtube.com\/@corepluspr","https:\/\/www.linkedin.com\/company\/corepluspr"]}]}},"_links":{"self":[{"href":"https:\/\/corepluspr.com\/es\/wp-json\/wp\/v2\/product\/3456","targetHints":{"allow":["GET"]}}],"collection":[{"href":"https:\/\/corepluspr.com\/es\/wp-json\/wp\/v2\/product"}],"about":[{"href":"https:\/\/corepluspr.com\/es\/wp-json\/wp\/v2\/types\/product"}],"wp:featuredmedia":[{"embeddable":true,"href":"https:\/\/corepluspr.com\/es\/wp-json\/wp\/v2\/media\/3527"}],"wp:attachment":[{"href":"https:\/\/corepluspr.com\/es\/wp-json\/wp\/v2\/media?parent=3456"}],"wp:term":[{"taxonomy":"product_brand","embeddable":true,"href":"https:\/\/corepluspr.com\/es\/wp-json\/wp\/v2\/product_brand?post=3456"},{"taxonomy":"product_cat","embeddable":true,"href":"https:\/\/corepluspr.com\/es\/wp-json\/wp\/v2\/product_cat?post=3456"},{"taxonomy":"product_tag","embeddable":true,"href":"https:\/\/corepluspr.com\/es\/wp-json\/wp\/v2\/product_tag?post=3456"}],"curies":[{"name":"wp","href":"https:\/\/api.w.org\/{rel}","templated":true}]}}