{"id":3459,"date":"2024-03-07T13:31:01","date_gmt":"2024-03-07T13:31:01","guid":{"rendered":"https:\/\/corepluspr.com\/product\/panel-de-diabetes\/"},"modified":"2024-05-16T16:53:46","modified_gmt":"2024-05-16T16:53:46","slug":"panel-de-diabetes","status":"publish","type":"product","link":"https:\/\/corepluspr.com\/es\/producto\/panel-de-diabetes\/","title":{"rendered":"Panel de Diabetes"},"content":{"rendered":"<p><span data-contrast=\"none\">Un panel de diabetes est\u00e1 dise\u00f1ado para evaluar los niveles de az\u00facar (glucosa) en sangre y la respuesta del cuerpo a la glucosa a trav\u00e9s del tiempo. <\/span><\/p>\n<p><span data-contrast=\"none\">Este panel incluye dos pruebas: Glucosa en sangre y Hemoglobina A1c.<\/span><span data-ccp-props=\"{\"134233117\":false,\"134233118\":false,\"335559738\":240,\"335559739\":240}\"> <\/span><\/p>\n<p>&nbsp;<\/p>\n<p><b><span data-contrast=\"none\"><\/span>Glucosa en ayunas*: Proporciona informaci\u00f3n inmediata sobre los niveles de az\u00facar, permitiendo ajustes r\u00e1pidos en el tratamiento. <span data-contrast=\"none\"><\/span><\/b><span data-ccp-props=\"{\"134233117\":false,\"134233118\":false,\"335559738\":240,\"335559739\":240}\"> <\/span><\/p>\n<p><b><span data-contrast=\"none\"><\/span>Hemoglobina A1c: Ofrece una visi\u00f3n a largo plazo del control gluc\u00e9mico, ayudando a prevenir complicaciones a largo plazo. <span data-contrast=\"none\"><\/span><\/b><span data-ccp-props=\"{\"134233117\":false,\"134233118\":false,\"335559738\":240,\"335559739\":240}\"> <\/span><\/p>\n<p>&nbsp;<\/p>\n<p><span data-contrast=\"none\">Beneficios:<\/span><span data-ccp-props=\"{\"134233117\":false,\"134233118\":false,\"335559738\":240,\"335559739\":240}\"> <\/span><\/p>\n<p><span data-contrast=\"none\">&#8211; Diagn\u00f3stico y manejo efectivo de la diabetes. <\/span><span data-ccp-props=\"{\"134233117\":false,\"134233118\":false,\"335559738\":240,\"335559739\":240}\"> <\/span><\/p>\n<p><span data-contrast=\"none\">&#8211; Reducci\u00f3n del riesgo de complicaciones. <\/span><span data-ccp-props=\"{\"134233117\":false,\"134233118\":false,\"335559738\":240,\"335559739\":240}\"> <\/span><\/p>\n<p><span data-contrast=\"none\">&#8211; Personalizaci\u00f3n del tratamiento seg\u00fan los resultados. <\/span><span data-ccp-props=\"{\"134233117\":false,\"134233118\":false,\"335559738\":240,\"335559739\":240}\"> <\/span><\/p>\n<p><span data-contrast=\"none\">&#8211; Promoci\u00f3n de un estilo de vida saludable.<\/span><span data-ccp-props=\"{\"134233117\":false,\"134233118\":false,\"335559738\":240,\"335559739\":240}\"> <\/span><\/p>\n<p>&nbsp;<\/p>\n<p>Tome medidas proactivas para llevar un estilo de vida m\u00e1s saludable. \u00a1Programe su prueba hoy mismo!<\/p>\n","protected":false},"excerpt":{"rendered":"<p>*Requiere ayuno: Si su prueba requiere ayuno, no coma, ni beba nada (excepto agua) desde 12 horas antes de realizarse la prueba.<\/p>\n","protected":false},"featured_media":3742,"template":"","meta":{"_acf_changed":false},"product_brand":[],"product_cat":[44,68,78],"product_tag":[],"class_list":{"0":"post-3459","1":"product","2":"type-product","3":"status-publish","4":"has-post-thumbnail","6":"product_cat-pruebas","7":"product_cat-wellness-es","8":"product_cat-pruebas-de-salud-y-bienestar","10":"first","11":"instock","12":"virtual","13":"sold-individually","14":"taxable","15":"purchasable","16":"product-type-simple"},"acf":[],"yoast_head":"<!-- This site is optimized with the Yoast SEO plugin v27.1.1 - https:\/\/yoast.com\/product\/yoast-seo-wordpress\/ -->\n<title>Panel de Diabetes - CorePlus<\/title>\n<meta name=\"description\" content=\"Un panel de diabetes est\u00e1 dise\u00f1ado para evaluar los niveles de az\u00facar (glucosa) en sangre y la respuesta del cuerpo a la glucosa a trav\u00e9s del tiempo.\" \/>\n<meta name=\"robots\" content=\"index, follow, max-snippet:-1, max-image-preview:large, max-video-preview:-1\" \/>\n<link rel=\"canonical\" href=\"https:\/\/corepluspr.com\/es\/producto\/panel-de-diabetes\/\" \/>\n<meta property=\"og:locale\" content=\"es_ES\" \/>\n<meta property=\"og:type\" content=\"article\" \/>\n<meta property=\"og:title\" content=\"Panel de Diabetes - CorePlus\" \/>\n<meta property=\"og:description\" content=\"Un panel de diabetes est\u00e1 dise\u00f1ado para evaluar los niveles de az\u00facar (glucosa) en sangre y la respuesta del cuerpo a la glucosa a trav\u00e9s del tiempo.\" \/>\n<meta property=\"og:url\" content=\"https:\/\/corepluspr.com\/es\/producto\/panel-de-diabetes\/\" \/>\n<meta property=\"og:site_name\" content=\"CorePlus\" \/>\n<meta property=\"article:publisher\" content=\"https:\/\/www.facebook.com\/corepluspr\" \/>\n<meta property=\"article:modified_time\" content=\"2024-05-16T16:53:46+00:00\" \/>\n<meta property=\"og:image\" content=\"https:\/\/corepluspr.com\/wp-content\/uploads\/2024\/03\/tests-img_diabetes.jpg\" \/>\n\t<meta property=\"og:image:width\" content=\"1288\" \/>\n\t<meta property=\"og:image:height\" content=\"1288\" \/>\n\t<meta property=\"og:image:type\" content=\"image\/jpeg\" \/>\n<meta name=\"twitter:card\" content=\"summary_large_image\" \/>\n<meta name=\"twitter:site\" content=\"@corepluspr\" \/>\n<meta name=\"twitter:label1\" content=\"Tiempo de lectura\" \/>\n\t<meta name=\"twitter:data1\" content=\"1 minuto\" \/>\n<script type=\"application\/ld+json\" class=\"yoast-schema-graph\">{\"@context\":\"https:\/\/schema.org\",\"@graph\":[{\"@type\":\"WebPage\",\"@id\":\"https:\/\/corepluspr.com\/es\/producto\/panel-de-diabetes\/\",\"url\":\"https:\/\/corepluspr.com\/es\/producto\/panel-de-diabetes\/\",\"name\":\"Panel de Diabetes - CorePlus\",\"isPartOf\":{\"@id\":\"https:\/\/corepluspr.com\/#website\"},\"primaryImageOfPage\":{\"@id\":\"https:\/\/corepluspr.com\/es\/producto\/panel-de-diabetes\/#primaryimage\"},\"image\":{\"@id\":\"https:\/\/corepluspr.com\/es\/producto\/panel-de-diabetes\/#primaryimage\"},\"thumbnailUrl\":\"https:\/\/corepluspr.com\/wp-content\/uploads\/2024\/03\/tests-img_diabetes-2.jpg\",\"datePublished\":\"2024-03-07T13:31:01+00:00\",\"dateModified\":\"2024-05-16T16:53:46+00:00\",\"description\":\"Un panel de diabetes est\u00e1 dise\u00f1ado para evaluar los niveles de az\u00facar (glucosa) en sangre y la respuesta del cuerpo a la glucosa a trav\u00e9s del tiempo.\",\"breadcrumb\":{\"@id\":\"https:\/\/corepluspr.com\/es\/producto\/panel-de-diabetes\/#breadcrumb\"},\"inLanguage\":\"es\",\"potentialAction\":[{\"@type\":\"ReadAction\",\"target\":[\"https:\/\/corepluspr.com\/es\/producto\/panel-de-diabetes\/\"]}]},{\"@type\":\"ImageObject\",\"inLanguage\":\"es\",\"@id\":\"https:\/\/corepluspr.com\/es\/producto\/panel-de-diabetes\/#primaryimage\",\"url\":\"https:\/\/corepluspr.com\/wp-content\/uploads\/2024\/03\/tests-img_diabetes-2.jpg\",\"contentUrl\":\"https:\/\/corepluspr.com\/wp-content\/uploads\/2024\/03\/tests-img_diabetes-2.jpg\",\"width\":1288,\"height\":1288},{\"@type\":\"BreadcrumbList\",\"@id\":\"https:\/\/corepluspr.com\/es\/producto\/panel-de-diabetes\/#breadcrumb\",\"itemListElement\":[{\"@type\":\"ListItem\",\"position\":1,\"name\":\"Home\",\"item\":\"https:\/\/corepluspr.com\/es\/inicio\/\"},{\"@type\":\"ListItem\",\"position\":2,\"name\":\"Tienda\",\"item\":\"https:\/\/corepluspr.com\/es\/tienda\/\"},{\"@type\":\"ListItem\",\"position\":3,\"name\":\"Panel de Diabetes\"}]},{\"@type\":\"WebSite\",\"@id\":\"https:\/\/corepluspr.com\/#website\",\"url\":\"https:\/\/corepluspr.com\/\",\"name\":\"CorePlus\",\"description\":\"A Global Leader in Precision Pathology and Laboratory Testing\",\"publisher\":{\"@id\":\"https:\/\/corepluspr.com\/#organization\"},\"potentialAction\":[{\"@type\":\"SearchAction\",\"target\":{\"@type\":\"EntryPoint\",\"urlTemplate\":\"https:\/\/corepluspr.com\/?s={search_term_string}\"},\"query-input\":{\"@type\":\"PropertyValueSpecification\",\"valueRequired\":true,\"valueName\":\"search_term_string\"}}],\"inLanguage\":\"es\"},{\"@type\":\"Organization\",\"@id\":\"https:\/\/corepluspr.com\/#organization\",\"name\":\"CorePlus\",\"url\":\"https:\/\/corepluspr.com\/\",\"logo\":{\"@type\":\"ImageObject\",\"inLanguage\":\"es\",\"@id\":\"https:\/\/corepluspr.com\/#\/schema\/logo\/image\/\",\"url\":\"https:\/\/corepluspr.com\/wp-content\/uploads\/2023\/08\/CP_logo-9.png\",\"contentUrl\":\"https:\/\/corepluspr.com\/wp-content\/uploads\/2023\/08\/CP_logo-9.png\",\"width\":600,\"height\":600,\"caption\":\"CorePlus\"},\"image\":{\"@id\":\"https:\/\/corepluspr.com\/#\/schema\/logo\/image\/\"},\"sameAs\":[\"https:\/\/www.facebook.com\/corepluspr\",\"https:\/\/x.com\/corepluspr\",\"https:\/\/www.instagram.com\/corepluspr\/\",\"https:\/\/www.youtube.com\/@corepluspr\",\"https:\/\/www.linkedin.com\/company\/corepluspr\"]}]}<\/script>\n<!-- \/ Yoast SEO plugin. -->","yoast_head_json":{"title":"Panel de Diabetes - CorePlus","description":"Un panel de diabetes est\u00e1 dise\u00f1ado para evaluar los niveles de az\u00facar (glucosa) en sangre y la respuesta del cuerpo a la glucosa a trav\u00e9s del tiempo.","robots":{"index":"index","follow":"follow","max-snippet":"max-snippet:-1","max-image-preview":"max-image-preview:large","max-video-preview":"max-video-preview:-1"},"canonical":"https:\/\/corepluspr.com\/es\/producto\/panel-de-diabetes\/","og_locale":"es_ES","og_type":"article","og_title":"Panel de Diabetes - CorePlus","og_description":"Un panel de diabetes est\u00e1 dise\u00f1ado para evaluar los niveles de az\u00facar (glucosa) en sangre y la respuesta del cuerpo a la glucosa a trav\u00e9s del tiempo.","og_url":"https:\/\/corepluspr.com\/es\/producto\/panel-de-diabetes\/","og_site_name":"CorePlus","article_publisher":"https:\/\/www.facebook.com\/corepluspr","article_modified_time":"2024-05-16T16:53:46+00:00","og_image":[{"width":1288,"height":1288,"url":"https:\/\/corepluspr.com\/wp-content\/uploads\/2024\/03\/tests-img_diabetes.jpg","type":"image\/jpeg"}],"twitter_card":"summary_large_image","twitter_site":"@corepluspr","twitter_misc":{"Tiempo de lectura":"1 minuto"},"schema":{"@context":"https:\/\/schema.org","@graph":[{"@type":"WebPage","@id":"https:\/\/corepluspr.com\/es\/producto\/panel-de-diabetes\/","url":"https:\/\/corepluspr.com\/es\/producto\/panel-de-diabetes\/","name":"Panel de Diabetes - CorePlus","isPartOf":{"@id":"https:\/\/corepluspr.com\/#website"},"primaryImageOfPage":{"@id":"https:\/\/corepluspr.com\/es\/producto\/panel-de-diabetes\/#primaryimage"},"image":{"@id":"https:\/\/corepluspr.com\/es\/producto\/panel-de-diabetes\/#primaryimage"},"thumbnailUrl":"https:\/\/corepluspr.com\/wp-content\/uploads\/2024\/03\/tests-img_diabetes-2.jpg","datePublished":"2024-03-07T13:31:01+00:00","dateModified":"2024-05-16T16:53:46+00:00","description":"Un panel de diabetes est\u00e1 dise\u00f1ado para evaluar los niveles de az\u00facar (glucosa) en sangre y la respuesta del cuerpo a la glucosa a trav\u00e9s del tiempo.","breadcrumb":{"@id":"https:\/\/corepluspr.com\/es\/producto\/panel-de-diabetes\/#breadcrumb"},"inLanguage":"es","potentialAction":[{"@type":"ReadAction","target":["https:\/\/corepluspr.com\/es\/producto\/panel-de-diabetes\/"]}]},{"@type":"ImageObject","inLanguage":"es","@id":"https:\/\/corepluspr.com\/es\/producto\/panel-de-diabetes\/#primaryimage","url":"https:\/\/corepluspr.com\/wp-content\/uploads\/2024\/03\/tests-img_diabetes-2.jpg","contentUrl":"https:\/\/corepluspr.com\/wp-content\/uploads\/2024\/03\/tests-img_diabetes-2.jpg","width":1288,"height":1288},{"@type":"BreadcrumbList","@id":"https:\/\/corepluspr.com\/es\/producto\/panel-de-diabetes\/#breadcrumb","itemListElement":[{"@type":"ListItem","position":1,"name":"Home","item":"https:\/\/corepluspr.com\/es\/inicio\/"},{"@type":"ListItem","position":2,"name":"Tienda","item":"https:\/\/corepluspr.com\/es\/tienda\/"},{"@type":"ListItem","position":3,"name":"Panel de Diabetes"}]},{"@type":"WebSite","@id":"https:\/\/corepluspr.com\/#website","url":"https:\/\/corepluspr.com\/","name":"CorePlus","description":"A Global Leader in Precision Pathology and Laboratory Testing","publisher":{"@id":"https:\/\/corepluspr.com\/#organization"},"potentialAction":[{"@type":"SearchAction","target":{"@type":"EntryPoint","urlTemplate":"https:\/\/corepluspr.com\/?s={search_term_string}"},"query-input":{"@type":"PropertyValueSpecification","valueRequired":true,"valueName":"search_term_string"}}],"inLanguage":"es"},{"@type":"Organization","@id":"https:\/\/corepluspr.com\/#organization","name":"CorePlus","url":"https:\/\/corepluspr.com\/","logo":{"@type":"ImageObject","inLanguage":"es","@id":"https:\/\/corepluspr.com\/#\/schema\/logo\/image\/","url":"https:\/\/corepluspr.com\/wp-content\/uploads\/2023\/08\/CP_logo-9.png","contentUrl":"https:\/\/corepluspr.com\/wp-content\/uploads\/2023\/08\/CP_logo-9.png","width":600,"height":600,"caption":"CorePlus"},"image":{"@id":"https:\/\/corepluspr.com\/#\/schema\/logo\/image\/"},"sameAs":["https:\/\/www.facebook.com\/corepluspr","https:\/\/x.com\/corepluspr","https:\/\/www.instagram.com\/corepluspr\/","https:\/\/www.youtube.com\/@corepluspr","https:\/\/www.linkedin.com\/company\/corepluspr"]}]}},"_links":{"self":[{"href":"https:\/\/corepluspr.com\/es\/wp-json\/wp\/v2\/product\/3459","targetHints":{"allow":["GET"]}}],"collection":[{"href":"https:\/\/corepluspr.com\/es\/wp-json\/wp\/v2\/product"}],"about":[{"href":"https:\/\/corepluspr.com\/es\/wp-json\/wp\/v2\/types\/product"}],"wp:featuredmedia":[{"embeddable":true,"href":"https:\/\/corepluspr.com\/es\/wp-json\/wp\/v2\/media\/3742"}],"wp:attachment":[{"href":"https:\/\/corepluspr.com\/es\/wp-json\/wp\/v2\/media?parent=3459"}],"wp:term":[{"taxonomy":"product_brand","embeddable":true,"href":"https:\/\/corepluspr.com\/es\/wp-json\/wp\/v2\/product_brand?post=3459"},{"taxonomy":"product_cat","embeddable":true,"href":"https:\/\/corepluspr.com\/es\/wp-json\/wp\/v2\/product_cat?post=3459"},{"taxonomy":"product_tag","embeddable":true,"href":"https:\/\/corepluspr.com\/es\/wp-json\/wp\/v2\/product_tag?post=3459"}],"curies":[{"name":"wp","href":"https:\/\/api.w.org\/{rel}","templated":true}]}}