{"id":3463,"date":"2024-04-24T23:08:26","date_gmt":"2024-04-24T23:08:26","guid":{"rendered":"https:\/\/corepluspr.com\/product\/antigeno-especifico-de-prostata-psa\/"},"modified":"2024-05-16T16:53:43","modified_gmt":"2024-05-16T16:53:43","slug":"antigeno-especifico-de-prostata-psa","status":"publish","type":"product","link":"https:\/\/corepluspr.com\/es\/producto\/antigeno-especifico-de-prostata-psa\/","title":{"rendered":"Ant\u00edgeno espec\u00edfico de pr\u00f3stata (PSA)"},"content":{"rendered":"<p><span data-contrast=\"auto\">El ant\u00edgeno espec\u00edfico de pr\u00f3stata (PSA, por sus siglas en ingl\u00e9s) es una prote\u00edna producida por la pr\u00f3stata. Esta prote\u00edna est\u00e1 presente en peque\u00f1as cantidades en la sangre de hombres con pr\u00f3statas saludables, pero niveles elevados pueden estar asociados a inflamaci\u00f3n de la pr\u00f3stata, agrandamiento, o c\u00e1ncer. Es un marcador clave para el cernimiento de enfermedades de la pr\u00f3stata.<\/span><span data-ccp-props=\"{\"134233117\":false,\"134233118\":false,\"201341983\":0,\"335551550\":1,\"335551620\":1,\"335559685\":0,\"335559737\":0,\"335559738\":0,\"335559739\":0,\"335559740\":259}\"> <\/span><\/p>\n<p><span data-contrast=\"auto\">\u00a1Tome medidas proactivas en beneficio de su salud prost\u00e1tica y adquiera hoy el Panel de PSA hoy mismo!<\/span><span data-ccp-props=\"{}\"> <\/span><\/p>\n<p>&nbsp;<\/p>\n<p><span data-ccp-props=\"{}\"> <\/span><span data-contrast=\"auto\">Fuente: MedlinePlus <\/span><span data-ccp-props=\"{}\"> <\/span><\/p>\n","protected":false},"excerpt":{"rendered":"<p><span data-contrast=\"auto\">El ant\u00edgeno espec\u00edfico de pr\u00f3stata (PSA, por sus siglas en ingl\u00e9s) es una prote\u00edna producida por la pr\u00f3stata.<\/span><\/p>\n","protected":false},"featured_media":3531,"template":"","meta":{"_acf_changed":false},"product_brand":[],"product_cat":[44,68,78],"product_tag":[],"class_list":{"0":"post-3463","1":"product","2":"type-product","3":"status-publish","4":"has-post-thumbnail","6":"product_cat-pruebas","7":"product_cat-wellness-es","8":"product_cat-pruebas-de-salud-y-bienestar","10":"first","11":"instock","12":"virtual","13":"sold-individually","14":"taxable","15":"purchasable","16":"product-type-simple"},"acf":[],"yoast_head":"<!-- This site is optimized with the Yoast SEO plugin v27.1.1 - https:\/\/yoast.com\/product\/yoast-seo-wordpress\/ -->\n<title>Ant\u00edgeno espec\u00edfico de pr\u00f3stata (PSA) - CorePlus<\/title>\n<meta name=\"description\" content=\"El ant\u00edgeno espec\u00edfico de pr\u00f3stata (PSA, por sus siglas en ingl\u00e9s) es una prote\u00edna producida por la pr\u00f3stata.\" \/>\n<meta name=\"robots\" content=\"index, follow, max-snippet:-1, max-image-preview:large, max-video-preview:-1\" \/>\n<link rel=\"canonical\" href=\"https:\/\/corepluspr.com\/es\/producto\/antigeno-especifico-de-prostata-psa\/\" \/>\n<meta property=\"og:locale\" content=\"es_ES\" \/>\n<meta property=\"og:type\" content=\"article\" \/>\n<meta property=\"og:title\" content=\"Ant\u00edgeno espec\u00edfico de pr\u00f3stata (PSA) - CorePlus\" \/>\n<meta property=\"og:description\" content=\"El ant\u00edgeno espec\u00edfico de pr\u00f3stata (PSA, por sus siglas en ingl\u00e9s) es una prote\u00edna producida por la pr\u00f3stata.\" \/>\n<meta property=\"og:url\" content=\"https:\/\/corepluspr.com\/es\/producto\/antigeno-especifico-de-prostata-psa\/\" \/>\n<meta property=\"og:site_name\" content=\"CorePlus\" \/>\n<meta property=\"article:publisher\" content=\"https:\/\/www.facebook.com\/corepluspr\" \/>\n<meta property=\"article:modified_time\" content=\"2024-05-16T16:53:43+00:00\" \/>\n<meta property=\"og:image\" content=\"https:\/\/corepluspr.com\/wp-content\/uploads\/2024\/04\/tests-img_prostate.jpg\" \/>\n\t<meta property=\"og:image:width\" content=\"1288\" \/>\n\t<meta property=\"og:image:height\" content=\"1288\" \/>\n\t<meta property=\"og:image:type\" content=\"image\/jpeg\" \/>\n<meta name=\"twitter:card\" content=\"summary_large_image\" \/>\n<meta name=\"twitter:site\" content=\"@corepluspr\" \/>\n<script type=\"application\/ld+json\" class=\"yoast-schema-graph\">{\"@context\":\"https:\/\/schema.org\",\"@graph\":[{\"@type\":\"WebPage\",\"@id\":\"https:\/\/corepluspr.com\/es\/producto\/antigeno-especifico-de-prostata-psa\/\",\"url\":\"https:\/\/corepluspr.com\/es\/producto\/antigeno-especifico-de-prostata-psa\/\",\"name\":\"Ant\u00edgeno espec\u00edfico de pr\u00f3stata (PSA) - CorePlus\",\"isPartOf\":{\"@id\":\"https:\/\/corepluspr.com\/#website\"},\"primaryImageOfPage\":{\"@id\":\"https:\/\/corepluspr.com\/es\/producto\/antigeno-especifico-de-prostata-psa\/#primaryimage\"},\"image\":{\"@id\":\"https:\/\/corepluspr.com\/es\/producto\/antigeno-especifico-de-prostata-psa\/#primaryimage\"},\"thumbnailUrl\":\"https:\/\/corepluspr.com\/wp-content\/uploads\/2024\/04\/tests-img_prostate.jpg\",\"datePublished\":\"2024-04-24T23:08:26+00:00\",\"dateModified\":\"2024-05-16T16:53:43+00:00\",\"description\":\"El ant\u00edgeno espec\u00edfico de pr\u00f3stata (PSA, por sus siglas en ingl\u00e9s) es una prote\u00edna producida por la pr\u00f3stata.\",\"breadcrumb\":{\"@id\":\"https:\/\/corepluspr.com\/es\/producto\/antigeno-especifico-de-prostata-psa\/#breadcrumb\"},\"inLanguage\":\"es\",\"potentialAction\":[{\"@type\":\"ReadAction\",\"target\":[\"https:\/\/corepluspr.com\/es\/producto\/antigeno-especifico-de-prostata-psa\/\"]}]},{\"@type\":\"ImageObject\",\"inLanguage\":\"es\",\"@id\":\"https:\/\/corepluspr.com\/es\/producto\/antigeno-especifico-de-prostata-psa\/#primaryimage\",\"url\":\"https:\/\/corepluspr.com\/wp-content\/uploads\/2024\/04\/tests-img_prostate.jpg\",\"contentUrl\":\"https:\/\/corepluspr.com\/wp-content\/uploads\/2024\/04\/tests-img_prostate.jpg\",\"width\":1288,\"height\":1288},{\"@type\":\"BreadcrumbList\",\"@id\":\"https:\/\/corepluspr.com\/es\/producto\/antigeno-especifico-de-prostata-psa\/#breadcrumb\",\"itemListElement\":[{\"@type\":\"ListItem\",\"position\":1,\"name\":\"Home\",\"item\":\"https:\/\/corepluspr.com\/es\/inicio\/\"},{\"@type\":\"ListItem\",\"position\":2,\"name\":\"Tienda\",\"item\":\"https:\/\/corepluspr.com\/es\/tienda\/\"},{\"@type\":\"ListItem\",\"position\":3,\"name\":\"Ant\u00edgeno espec\u00edfico de pr\u00f3stata (PSA)\"}]},{\"@type\":\"WebSite\",\"@id\":\"https:\/\/corepluspr.com\/#website\",\"url\":\"https:\/\/corepluspr.com\/\",\"name\":\"CorePlus\",\"description\":\"A Global Leader in Precision Pathology and Laboratory Testing\",\"publisher\":{\"@id\":\"https:\/\/corepluspr.com\/#organization\"},\"potentialAction\":[{\"@type\":\"SearchAction\",\"target\":{\"@type\":\"EntryPoint\",\"urlTemplate\":\"https:\/\/corepluspr.com\/?s={search_term_string}\"},\"query-input\":{\"@type\":\"PropertyValueSpecification\",\"valueRequired\":true,\"valueName\":\"search_term_string\"}}],\"inLanguage\":\"es\"},{\"@type\":\"Organization\",\"@id\":\"https:\/\/corepluspr.com\/#organization\",\"name\":\"CorePlus\",\"url\":\"https:\/\/corepluspr.com\/\",\"logo\":{\"@type\":\"ImageObject\",\"inLanguage\":\"es\",\"@id\":\"https:\/\/corepluspr.com\/#\/schema\/logo\/image\/\",\"url\":\"https:\/\/corepluspr.com\/wp-content\/uploads\/2023\/08\/CP_logo-9.png\",\"contentUrl\":\"https:\/\/corepluspr.com\/wp-content\/uploads\/2023\/08\/CP_logo-9.png\",\"width\":600,\"height\":600,\"caption\":\"CorePlus\"},\"image\":{\"@id\":\"https:\/\/corepluspr.com\/#\/schema\/logo\/image\/\"},\"sameAs\":[\"https:\/\/www.facebook.com\/corepluspr\",\"https:\/\/x.com\/corepluspr\",\"https:\/\/www.instagram.com\/corepluspr\/\",\"https:\/\/www.youtube.com\/@corepluspr\",\"https:\/\/www.linkedin.com\/company\/corepluspr\"]}]}<\/script>\n<!-- \/ Yoast SEO plugin. -->","yoast_head_json":{"title":"Ant\u00edgeno espec\u00edfico de pr\u00f3stata (PSA) - CorePlus","description":"El ant\u00edgeno espec\u00edfico de pr\u00f3stata (PSA, por sus siglas en ingl\u00e9s) es una prote\u00edna producida por la pr\u00f3stata.","robots":{"index":"index","follow":"follow","max-snippet":"max-snippet:-1","max-image-preview":"max-image-preview:large","max-video-preview":"max-video-preview:-1"},"canonical":"https:\/\/corepluspr.com\/es\/producto\/antigeno-especifico-de-prostata-psa\/","og_locale":"es_ES","og_type":"article","og_title":"Ant\u00edgeno espec\u00edfico de pr\u00f3stata (PSA) - CorePlus","og_description":"El ant\u00edgeno espec\u00edfico de pr\u00f3stata (PSA, por sus siglas en ingl\u00e9s) es una prote\u00edna producida por la pr\u00f3stata.","og_url":"https:\/\/corepluspr.com\/es\/producto\/antigeno-especifico-de-prostata-psa\/","og_site_name":"CorePlus","article_publisher":"https:\/\/www.facebook.com\/corepluspr","article_modified_time":"2024-05-16T16:53:43+00:00","og_image":[{"width":1288,"height":1288,"url":"https:\/\/corepluspr.com\/wp-content\/uploads\/2024\/04\/tests-img_prostate.jpg","type":"image\/jpeg"}],"twitter_card":"summary_large_image","twitter_site":"@corepluspr","schema":{"@context":"https:\/\/schema.org","@graph":[{"@type":"WebPage","@id":"https:\/\/corepluspr.com\/es\/producto\/antigeno-especifico-de-prostata-psa\/","url":"https:\/\/corepluspr.com\/es\/producto\/antigeno-especifico-de-prostata-psa\/","name":"Ant\u00edgeno espec\u00edfico de pr\u00f3stata (PSA) - CorePlus","isPartOf":{"@id":"https:\/\/corepluspr.com\/#website"},"primaryImageOfPage":{"@id":"https:\/\/corepluspr.com\/es\/producto\/antigeno-especifico-de-prostata-psa\/#primaryimage"},"image":{"@id":"https:\/\/corepluspr.com\/es\/producto\/antigeno-especifico-de-prostata-psa\/#primaryimage"},"thumbnailUrl":"https:\/\/corepluspr.com\/wp-content\/uploads\/2024\/04\/tests-img_prostate.jpg","datePublished":"2024-04-24T23:08:26+00:00","dateModified":"2024-05-16T16:53:43+00:00","description":"El ant\u00edgeno espec\u00edfico de pr\u00f3stata (PSA, por sus siglas en ingl\u00e9s) es una prote\u00edna producida por la pr\u00f3stata.","breadcrumb":{"@id":"https:\/\/corepluspr.com\/es\/producto\/antigeno-especifico-de-prostata-psa\/#breadcrumb"},"inLanguage":"es","potentialAction":[{"@type":"ReadAction","target":["https:\/\/corepluspr.com\/es\/producto\/antigeno-especifico-de-prostata-psa\/"]}]},{"@type":"ImageObject","inLanguage":"es","@id":"https:\/\/corepluspr.com\/es\/producto\/antigeno-especifico-de-prostata-psa\/#primaryimage","url":"https:\/\/corepluspr.com\/wp-content\/uploads\/2024\/04\/tests-img_prostate.jpg","contentUrl":"https:\/\/corepluspr.com\/wp-content\/uploads\/2024\/04\/tests-img_prostate.jpg","width":1288,"height":1288},{"@type":"BreadcrumbList","@id":"https:\/\/corepluspr.com\/es\/producto\/antigeno-especifico-de-prostata-psa\/#breadcrumb","itemListElement":[{"@type":"ListItem","position":1,"name":"Home","item":"https:\/\/corepluspr.com\/es\/inicio\/"},{"@type":"ListItem","position":2,"name":"Tienda","item":"https:\/\/corepluspr.com\/es\/tienda\/"},{"@type":"ListItem","position":3,"name":"Ant\u00edgeno espec\u00edfico de pr\u00f3stata (PSA)"}]},{"@type":"WebSite","@id":"https:\/\/corepluspr.com\/#website","url":"https:\/\/corepluspr.com\/","name":"CorePlus","description":"A Global Leader in Precision Pathology and Laboratory Testing","publisher":{"@id":"https:\/\/corepluspr.com\/#organization"},"potentialAction":[{"@type":"SearchAction","target":{"@type":"EntryPoint","urlTemplate":"https:\/\/corepluspr.com\/?s={search_term_string}"},"query-input":{"@type":"PropertyValueSpecification","valueRequired":true,"valueName":"search_term_string"}}],"inLanguage":"es"},{"@type":"Organization","@id":"https:\/\/corepluspr.com\/#organization","name":"CorePlus","url":"https:\/\/corepluspr.com\/","logo":{"@type":"ImageObject","inLanguage":"es","@id":"https:\/\/corepluspr.com\/#\/schema\/logo\/image\/","url":"https:\/\/corepluspr.com\/wp-content\/uploads\/2023\/08\/CP_logo-9.png","contentUrl":"https:\/\/corepluspr.com\/wp-content\/uploads\/2023\/08\/CP_logo-9.png","width":600,"height":600,"caption":"CorePlus"},"image":{"@id":"https:\/\/corepluspr.com\/#\/schema\/logo\/image\/"},"sameAs":["https:\/\/www.facebook.com\/corepluspr","https:\/\/x.com\/corepluspr","https:\/\/www.instagram.com\/corepluspr\/","https:\/\/www.youtube.com\/@corepluspr","https:\/\/www.linkedin.com\/company\/corepluspr"]}]}},"_links":{"self":[{"href":"https:\/\/corepluspr.com\/es\/wp-json\/wp\/v2\/product\/3463","targetHints":{"allow":["GET"]}}],"collection":[{"href":"https:\/\/corepluspr.com\/es\/wp-json\/wp\/v2\/product"}],"about":[{"href":"https:\/\/corepluspr.com\/es\/wp-json\/wp\/v2\/types\/product"}],"wp:featuredmedia":[{"embeddable":true,"href":"https:\/\/corepluspr.com\/es\/wp-json\/wp\/v2\/media\/3531"}],"wp:attachment":[{"href":"https:\/\/corepluspr.com\/es\/wp-json\/wp\/v2\/media?parent=3463"}],"wp:term":[{"taxonomy":"product_brand","embeddable":true,"href":"https:\/\/corepluspr.com\/es\/wp-json\/wp\/v2\/product_brand?post=3463"},{"taxonomy":"product_cat","embeddable":true,"href":"https:\/\/corepluspr.com\/es\/wp-json\/wp\/v2\/product_cat?post=3463"},{"taxonomy":"product_tag","embeddable":true,"href":"https:\/\/corepluspr.com\/es\/wp-json\/wp\/v2\/product_tag?post=3463"}],"curies":[{"name":"wp","href":"https:\/\/api.w.org\/{rel}","templated":true}]}}