{"id":3470,"date":"2024-04-24T23:31:13","date_gmt":"2024-04-24T23:31:13","guid":{"rendered":"https:\/\/corepluspr.com\/product\/panel-metabolico-completo\/"},"modified":"2024-06-06T15:41:18","modified_gmt":"2024-06-06T15:41:18","slug":"panel-metabolico-completo","status":"publish","type":"product","link":"https:\/\/corepluspr.com\/es\/producto\/panel-metabolico-completo\/","title":{"rendered":"Panel Metab\u00f3lico Completo"},"content":{"rendered":"<p><span data-contrast=\"auto\">Obtenga una evaluaci\u00f3n completa de su funci\u00f3n metab\u00f3lica con el Panel Metab\u00f3lico Completo. Este panel provee informaci\u00f3n significativa acerca de la salud de sus ri\u00f1ones, h\u00edgado y electrolitos, adem\u00e1s de los niveles de glucosa y prote\u00ednas de la sangre. Este panel incluye las siguientes pruebas:<\/span><span data-ccp-props=\"{}\"> <\/span><\/p>\n<ul>\n<li data-leveltext=\"\uf0b7\" data-font=\"Symbol\" data-listid=\"6\" data-list-defn-props=\"{\"335552541\":1,\"335559685\":720,\"335559991\":360,\"469769226\":\"Symbol\",\"469769242\":[8226],\"469777803\":\"left\",\"469777804\":\"\uf0b7\",\"469777815\":\"hybridMultilevel\"}\" data-aria-posinset=\"1\" data-aria-level=\"1\"><span data-contrast=\"auto\">Glucosa<\/span><span data-ccp-props=\"{}\"> <\/span><\/li>\n<li data-leveltext=\"\uf0b7\" data-font=\"Symbol\" data-listid=\"6\" data-list-defn-props=\"{\"335552541\":1,\"335559685\":720,\"335559991\":360,\"469769226\":\"Symbol\",\"469769242\":[8226],\"469777803\":\"left\",\"469777804\":\"\uf0b7\",\"469777815\":\"hybridMultilevel\"}\" data-aria-posinset=\"2\" data-aria-level=\"1\"><span data-contrast=\"auto\">Blood Urea Nitrogen (BUN)<\/span><span data-ccp-props=\"{}\"> <\/span><\/li>\n<li data-leveltext=\"\uf0b7\" data-font=\"Symbol\" data-listid=\"6\" data-list-defn-props=\"{\"335552541\":1,\"335559685\":720,\"335559991\":360,\"469769226\":\"Symbol\",\"469769242\":[8226],\"469777803\":\"left\",\"469777804\":\"\uf0b7\",\"469777815\":\"hybridMultilevel\"}\" data-aria-posinset=\"3\" data-aria-level=\"1\"><span data-contrast=\"auto\">Creatinina<\/span><span data-ccp-props=\"{}\"> <\/span><\/li>\n<li data-leveltext=\"\uf0b7\" data-font=\"Symbol\" data-listid=\"6\" data-list-defn-props=\"{\"335552541\":1,\"335559685\":720,\"335559991\":360,\"469769226\":\"Symbol\",\"469769242\":[8226],\"469777803\":\"left\",\"469777804\":\"\uf0b7\",\"469777815\":\"hybridMultilevel\"}\" data-aria-posinset=\"4\" data-aria-level=\"1\"><span data-contrast=\"auto\">Sodio<\/span><\/li>\n<li data-leveltext=\"\uf0b7\" data-font=\"Symbol\" data-listid=\"6\" data-list-defn-props=\"{\"335552541\":1,\"335559685\":720,\"335559991\":360,\"469769226\":\"Symbol\",\"469769242\":[8226],\"469777803\":\"left\",\"469777804\":\"\uf0b7\",\"469777815\":\"hybridMultilevel\"}\" data-aria-posinset=\"4\" data-aria-level=\"1\"><span data-contrast=\"auto\">Potasio<\/span><\/li>\n<li data-leveltext=\"\uf0b7\" data-font=\"Symbol\" data-listid=\"6\" data-list-defn-props=\"{\"335552541\":1,\"335559685\":720,\"335559991\":360,\"469769226\":\"Symbol\",\"469769242\":[8226],\"469777803\":\"left\",\"469777804\":\"\uf0b7\",\"469777815\":\"hybridMultilevel\"}\" data-aria-posinset=\"4\" data-aria-level=\"1\"><span data-contrast=\"auto\">Chloruro<\/span><span data-ccp-props=\"{}\"> <\/span><\/li>\n<li data-leveltext=\"\uf0b7\" data-font=\"Symbol\" data-listid=\"6\" data-list-defn-props=\"{\"335552541\":1,\"335559685\":720,\"335559991\":360,\"469769226\":\"Symbol\",\"469769242\":[8226],\"469777803\":\"left\",\"469777804\":\"\uf0b7\",\"469777815\":\"hybridMultilevel\"}\" data-aria-posinset=\"4\" data-aria-level=\"1\"><span data-contrast=\"auto\">Bi\u00f3xido de carbono<\/span><span data-ccp-props=\"{}\"> <\/span><\/li>\n<li data-leveltext=\"\uf0b7\" data-font=\"Symbol\" data-listid=\"6\" data-list-defn-props=\"{\"335552541\":1,\"335559685\":720,\"335559991\":360,\"469769226\":\"Symbol\",\"469769242\":[8226],\"469777803\":\"left\",\"469777804\":\"\uf0b7\",\"469777815\":\"hybridMultilevel\"}\" data-aria-posinset=\"4\" data-aria-level=\"1\"><span data-contrast=\"auto\">Anion gap<\/span><span data-ccp-props=\"{}\"> <\/span><\/li>\n<li data-leveltext=\"\uf0b7\" data-font=\"Symbol\" data-listid=\"6\" data-list-defn-props=\"{\"335552541\":1,\"335559685\":720,\"335559991\":360,\"469769226\":\"Symbol\",\"469769242\":[8226],\"469777803\":\"left\",\"469777804\":\"\uf0b7\",\"469777815\":\"hybridMultilevel\"}\" data-aria-posinset=\"4\" data-aria-level=\"1\"><span data-contrast=\"auto\">Calcio<\/span><span data-ccp-props=\"{}\"> <\/span><\/li>\n<li data-leveltext=\"\uf0b7\" data-font=\"Symbol\" data-listid=\"6\" data-list-defn-props=\"{\"335552541\":1,\"335559685\":720,\"335559991\":360,\"469769226\":\"Symbol\",\"469769242\":[8226],\"469777803\":\"left\",\"469777804\":\"\uf0b7\",\"469777815\":\"hybridMultilevel\"}\" data-aria-posinset=\"4\" data-aria-level=\"1\"><span data-contrast=\"auto\">Prote\u00edna total<\/span><span data-ccp-props=\"{}\"> <\/span><\/li>\n<li data-leveltext=\"\uf0b7\" data-font=\"Symbol\" data-listid=\"6\" data-list-defn-props=\"{\"335552541\":1,\"335559685\":720,\"335559991\":360,\"469769226\":\"Symbol\",\"469769242\":[8226],\"469777803\":\"left\",\"469777804\":\"\uf0b7\",\"469777815\":\"hybridMultilevel\"}\" data-aria-posinset=\"4\" data-aria-level=\"1\"><span data-contrast=\"auto\">Albumina<\/span><span data-ccp-props=\"{}\"> <\/span><\/li>\n<li data-leveltext=\"\uf0b7\" data-font=\"Symbol\" data-listid=\"6\" data-list-defn-props=\"{\"335552541\":1,\"335559685\":720,\"335559991\":360,\"469769226\":\"Symbol\",\"469769242\":[8226],\"469777803\":\"left\",\"469777804\":\"\uf0b7\",\"469777815\":\"hybridMultilevel\"}\" data-aria-posinset=\"4\" data-aria-level=\"1\"><span data-contrast=\"auto\">Globulinas totales<\/span><span data-ccp-props=\"{}\"> <\/span><\/li>\n<li data-leveltext=\"\uf0b7\" data-font=\"Symbol\" data-listid=\"6\" data-list-defn-props=\"{\"335552541\":1,\"335559685\":720,\"335559991\":360,\"469769226\":\"Symbol\",\"469769242\":[8226],\"469777803\":\"left\",\"469777804\":\"\uf0b7\",\"469777815\":\"hybridMultilevel\"}\" data-aria-posinset=\"4\" data-aria-level=\"1\"><span data-contrast=\"auto\">Aspartate aminotransferase (AST)<\/span><span data-ccp-props=\"{}\"> <\/span><\/li>\n<li data-leveltext=\"\uf0b7\" data-font=\"Symbol\" data-listid=\"6\" data-list-defn-props=\"{\"335552541\":1,\"335559685\":720,\"335559991\":360,\"469769226\":\"Symbol\",\"469769242\":[8226],\"469777803\":\"left\",\"469777804\":\"\uf0b7\",\"469777815\":\"hybridMultilevel\"}\" data-aria-posinset=\"4\" data-aria-level=\"1\"><span data-contrast=\"auto\">Alanine aminotransferase (ALT)<\/span><span data-ccp-props=\"{}\"> <\/span><\/li>\n<li data-leveltext=\"\uf0b7\" data-font=\"Symbol\" data-listid=\"6\" data-list-defn-props=\"{\"335552541\":1,\"335559685\":720,\"335559991\":360,\"469769226\":\"Symbol\",\"469769242\":[8226],\"469777803\":\"left\",\"469777804\":\"\uf0b7\",\"469777815\":\"hybridMultilevel\"}\" data-aria-posinset=\"4\" data-aria-level=\"1\"><span data-contrast=\"auto\">Bilirubin total<\/span><span data-ccp-props=\"{}\"> <\/span><\/li>\n<\/ul>\n<p><span data-contrast=\"auto\">Tome medidas proactivas hacia la optimizaci\u00f3n de su bienestar programando su prueba del Panel Metab\u00f3lico Completo hoy mismo.<\/span><span data-ccp-props=\"{}\"> <\/span><\/p>\n<p><span data-contrast=\"auto\">Fuente: MedlinePlus<\/span><span data-ccp-props=\"{}\"> <\/span><\/p>\n","protected":false},"excerpt":{"rendered":"<p><span data-contrast=\"auto\">Obtenga una evaluaci\u00f3n completa de su funci\u00f3n metab\u00f3lica con el Panel Metab\u00f3lico Completo.<\/span><\/p>\n","protected":false},"featured_media":3537,"template":"","meta":{"_acf_changed":false},"product_brand":[],"product_cat":[44,68,78],"product_tag":[89],"class_list":{"0":"post-3470","1":"product","2":"type-product","3":"status-publish","4":"has-post-thumbnail","6":"product_cat-pruebas","7":"product_cat-wellness-es","8":"product_cat-pruebas-de-salud-y-bienestar","9":"product_tag-metabolic-es","11":"first","12":"instock","13":"virtual","14":"sold-individually","15":"taxable","16":"purchasable","17":"product-type-simple"},"acf":[],"yoast_head":"<!-- This site is optimized with the Yoast SEO plugin v27.1.1 - https:\/\/yoast.com\/product\/yoast-seo-wordpress\/ -->\n<title>Panel Metab\u00f3lico Completo - CorePlus<\/title>\n<meta name=\"description\" content=\"Obtenga una evaluaci\u00f3n completa de su funci\u00f3n metab\u00f3lica con el Panel Metab\u00f3lico Completo.\" \/>\n<meta name=\"robots\" content=\"index, follow, max-snippet:-1, max-image-preview:large, max-video-preview:-1\" \/>\n<link rel=\"canonical\" href=\"https:\/\/corepluspr.com\/es\/producto\/panel-metabolico-completo\/\" \/>\n<meta property=\"og:locale\" content=\"es_ES\" \/>\n<meta property=\"og:type\" content=\"article\" \/>\n<meta property=\"og:title\" content=\"Panel Metab\u00f3lico Completo - CorePlus\" \/>\n<meta property=\"og:description\" content=\"Obtenga una evaluaci\u00f3n completa de su funci\u00f3n metab\u00f3lica con el Panel Metab\u00f3lico Completo.\" \/>\n<meta property=\"og:url\" content=\"https:\/\/corepluspr.com\/es\/producto\/panel-metabolico-completo\/\" \/>\n<meta property=\"og:site_name\" content=\"CorePlus\" \/>\n<meta property=\"article:publisher\" content=\"https:\/\/www.facebook.com\/corepluspr\" \/>\n<meta property=\"article:modified_time\" content=\"2024-06-06T15:41:18+00:00\" \/>\n<meta property=\"og:image\" content=\"https:\/\/corepluspr.com\/wp-content\/uploads\/2024\/04\/tests-img_metabolic.jpg\" \/>\n\t<meta property=\"og:image:width\" content=\"1288\" \/>\n\t<meta property=\"og:image:height\" content=\"1288\" \/>\n\t<meta property=\"og:image:type\" content=\"image\/jpeg\" \/>\n<meta name=\"twitter:card\" content=\"summary_large_image\" \/>\n<meta name=\"twitter:site\" content=\"@corepluspr\" \/>\n<meta name=\"twitter:label1\" content=\"Tiempo de lectura\" \/>\n\t<meta name=\"twitter:data1\" content=\"1 minuto\" \/>\n<script type=\"application\/ld+json\" class=\"yoast-schema-graph\">{\"@context\":\"https:\/\/schema.org\",\"@graph\":[{\"@type\":\"WebPage\",\"@id\":\"https:\/\/corepluspr.com\/es\/producto\/panel-metabolico-completo\/\",\"url\":\"https:\/\/corepluspr.com\/es\/producto\/panel-metabolico-completo\/\",\"name\":\"Panel Metab\u00f3lico Completo - CorePlus\",\"isPartOf\":{\"@id\":\"https:\/\/corepluspr.com\/#website\"},\"primaryImageOfPage\":{\"@id\":\"https:\/\/corepluspr.com\/es\/producto\/panel-metabolico-completo\/#primaryimage\"},\"image\":{\"@id\":\"https:\/\/corepluspr.com\/es\/producto\/panel-metabolico-completo\/#primaryimage\"},\"thumbnailUrl\":\"https:\/\/corepluspr.com\/wp-content\/uploads\/2024\/04\/tests-img_metabolic.jpg\",\"datePublished\":\"2024-04-24T23:31:13+00:00\",\"dateModified\":\"2024-06-06T15:41:18+00:00\",\"description\":\"Obtenga una evaluaci\u00f3n completa de su funci\u00f3n metab\u00f3lica con el Panel Metab\u00f3lico Completo.\",\"breadcrumb\":{\"@id\":\"https:\/\/corepluspr.com\/es\/producto\/panel-metabolico-completo\/#breadcrumb\"},\"inLanguage\":\"es\",\"potentialAction\":[{\"@type\":\"ReadAction\",\"target\":[\"https:\/\/corepluspr.com\/es\/producto\/panel-metabolico-completo\/\"]}]},{\"@type\":\"ImageObject\",\"inLanguage\":\"es\",\"@id\":\"https:\/\/corepluspr.com\/es\/producto\/panel-metabolico-completo\/#primaryimage\",\"url\":\"https:\/\/corepluspr.com\/wp-content\/uploads\/2024\/04\/tests-img_metabolic.jpg\",\"contentUrl\":\"https:\/\/corepluspr.com\/wp-content\/uploads\/2024\/04\/tests-img_metabolic.jpg\",\"width\":1288,\"height\":1288},{\"@type\":\"BreadcrumbList\",\"@id\":\"https:\/\/corepluspr.com\/es\/producto\/panel-metabolico-completo\/#breadcrumb\",\"itemListElement\":[{\"@type\":\"ListItem\",\"position\":1,\"name\":\"Home\",\"item\":\"https:\/\/corepluspr.com\/es\/inicio\/\"},{\"@type\":\"ListItem\",\"position\":2,\"name\":\"Tienda\",\"item\":\"https:\/\/corepluspr.com\/es\/tienda\/\"},{\"@type\":\"ListItem\",\"position\":3,\"name\":\"Panel Metab\u00f3lico Completo\"}]},{\"@type\":\"WebSite\",\"@id\":\"https:\/\/corepluspr.com\/#website\",\"url\":\"https:\/\/corepluspr.com\/\",\"name\":\"CorePlus\",\"description\":\"A Global Leader in Precision Pathology and Laboratory Testing\",\"publisher\":{\"@id\":\"https:\/\/corepluspr.com\/#organization\"},\"potentialAction\":[{\"@type\":\"SearchAction\",\"target\":{\"@type\":\"EntryPoint\",\"urlTemplate\":\"https:\/\/corepluspr.com\/?s={search_term_string}\"},\"query-input\":{\"@type\":\"PropertyValueSpecification\",\"valueRequired\":true,\"valueName\":\"search_term_string\"}}],\"inLanguage\":\"es\"},{\"@type\":\"Organization\",\"@id\":\"https:\/\/corepluspr.com\/#organization\",\"name\":\"CorePlus\",\"url\":\"https:\/\/corepluspr.com\/\",\"logo\":{\"@type\":\"ImageObject\",\"inLanguage\":\"es\",\"@id\":\"https:\/\/corepluspr.com\/#\/schema\/logo\/image\/\",\"url\":\"https:\/\/corepluspr.com\/wp-content\/uploads\/2023\/08\/CP_logo-9.png\",\"contentUrl\":\"https:\/\/corepluspr.com\/wp-content\/uploads\/2023\/08\/CP_logo-9.png\",\"width\":600,\"height\":600,\"caption\":\"CorePlus\"},\"image\":{\"@id\":\"https:\/\/corepluspr.com\/#\/schema\/logo\/image\/\"},\"sameAs\":[\"https:\/\/www.facebook.com\/corepluspr\",\"https:\/\/x.com\/corepluspr\",\"https:\/\/www.instagram.com\/corepluspr\/\",\"https:\/\/www.youtube.com\/@corepluspr\",\"https:\/\/www.linkedin.com\/company\/corepluspr\"]}]}<\/script>\n<!-- \/ Yoast SEO plugin. -->","yoast_head_json":{"title":"Panel Metab\u00f3lico Completo - CorePlus","description":"Obtenga una evaluaci\u00f3n completa de su funci\u00f3n metab\u00f3lica con el Panel Metab\u00f3lico Completo.","robots":{"index":"index","follow":"follow","max-snippet":"max-snippet:-1","max-image-preview":"max-image-preview:large","max-video-preview":"max-video-preview:-1"},"canonical":"https:\/\/corepluspr.com\/es\/producto\/panel-metabolico-completo\/","og_locale":"es_ES","og_type":"article","og_title":"Panel Metab\u00f3lico Completo - CorePlus","og_description":"Obtenga una evaluaci\u00f3n completa de su funci\u00f3n metab\u00f3lica con el Panel Metab\u00f3lico Completo.","og_url":"https:\/\/corepluspr.com\/es\/producto\/panel-metabolico-completo\/","og_site_name":"CorePlus","article_publisher":"https:\/\/www.facebook.com\/corepluspr","article_modified_time":"2024-06-06T15:41:18+00:00","og_image":[{"width":1288,"height":1288,"url":"https:\/\/corepluspr.com\/wp-content\/uploads\/2024\/04\/tests-img_metabolic.jpg","type":"image\/jpeg"}],"twitter_card":"summary_large_image","twitter_site":"@corepluspr","twitter_misc":{"Tiempo de lectura":"1 minuto"},"schema":{"@context":"https:\/\/schema.org","@graph":[{"@type":"WebPage","@id":"https:\/\/corepluspr.com\/es\/producto\/panel-metabolico-completo\/","url":"https:\/\/corepluspr.com\/es\/producto\/panel-metabolico-completo\/","name":"Panel Metab\u00f3lico Completo - CorePlus","isPartOf":{"@id":"https:\/\/corepluspr.com\/#website"},"primaryImageOfPage":{"@id":"https:\/\/corepluspr.com\/es\/producto\/panel-metabolico-completo\/#primaryimage"},"image":{"@id":"https:\/\/corepluspr.com\/es\/producto\/panel-metabolico-completo\/#primaryimage"},"thumbnailUrl":"https:\/\/corepluspr.com\/wp-content\/uploads\/2024\/04\/tests-img_metabolic.jpg","datePublished":"2024-04-24T23:31:13+00:00","dateModified":"2024-06-06T15:41:18+00:00","description":"Obtenga una evaluaci\u00f3n completa de su funci\u00f3n metab\u00f3lica con el Panel Metab\u00f3lico Completo.","breadcrumb":{"@id":"https:\/\/corepluspr.com\/es\/producto\/panel-metabolico-completo\/#breadcrumb"},"inLanguage":"es","potentialAction":[{"@type":"ReadAction","target":["https:\/\/corepluspr.com\/es\/producto\/panel-metabolico-completo\/"]}]},{"@type":"ImageObject","inLanguage":"es","@id":"https:\/\/corepluspr.com\/es\/producto\/panel-metabolico-completo\/#primaryimage","url":"https:\/\/corepluspr.com\/wp-content\/uploads\/2024\/04\/tests-img_metabolic.jpg","contentUrl":"https:\/\/corepluspr.com\/wp-content\/uploads\/2024\/04\/tests-img_metabolic.jpg","width":1288,"height":1288},{"@type":"BreadcrumbList","@id":"https:\/\/corepluspr.com\/es\/producto\/panel-metabolico-completo\/#breadcrumb","itemListElement":[{"@type":"ListItem","position":1,"name":"Home","item":"https:\/\/corepluspr.com\/es\/inicio\/"},{"@type":"ListItem","position":2,"name":"Tienda","item":"https:\/\/corepluspr.com\/es\/tienda\/"},{"@type":"ListItem","position":3,"name":"Panel Metab\u00f3lico Completo"}]},{"@type":"WebSite","@id":"https:\/\/corepluspr.com\/#website","url":"https:\/\/corepluspr.com\/","name":"CorePlus","description":"A Global Leader in Precision Pathology and Laboratory Testing","publisher":{"@id":"https:\/\/corepluspr.com\/#organization"},"potentialAction":[{"@type":"SearchAction","target":{"@type":"EntryPoint","urlTemplate":"https:\/\/corepluspr.com\/?s={search_term_string}"},"query-input":{"@type":"PropertyValueSpecification","valueRequired":true,"valueName":"search_term_string"}}],"inLanguage":"es"},{"@type":"Organization","@id":"https:\/\/corepluspr.com\/#organization","name":"CorePlus","url":"https:\/\/corepluspr.com\/","logo":{"@type":"ImageObject","inLanguage":"es","@id":"https:\/\/corepluspr.com\/#\/schema\/logo\/image\/","url":"https:\/\/corepluspr.com\/wp-content\/uploads\/2023\/08\/CP_logo-9.png","contentUrl":"https:\/\/corepluspr.com\/wp-content\/uploads\/2023\/08\/CP_logo-9.png","width":600,"height":600,"caption":"CorePlus"},"image":{"@id":"https:\/\/corepluspr.com\/#\/schema\/logo\/image\/"},"sameAs":["https:\/\/www.facebook.com\/corepluspr","https:\/\/x.com\/corepluspr","https:\/\/www.instagram.com\/corepluspr\/","https:\/\/www.youtube.com\/@corepluspr","https:\/\/www.linkedin.com\/company\/corepluspr"]}]}},"_links":{"self":[{"href":"https:\/\/corepluspr.com\/es\/wp-json\/wp\/v2\/product\/3470","targetHints":{"allow":["GET"]}}],"collection":[{"href":"https:\/\/corepluspr.com\/es\/wp-json\/wp\/v2\/product"}],"about":[{"href":"https:\/\/corepluspr.com\/es\/wp-json\/wp\/v2\/types\/product"}],"wp:featuredmedia":[{"embeddable":true,"href":"https:\/\/corepluspr.com\/es\/wp-json\/wp\/v2\/media\/3537"}],"wp:attachment":[{"href":"https:\/\/corepluspr.com\/es\/wp-json\/wp\/v2\/media?parent=3470"}],"wp:term":[{"taxonomy":"product_brand","embeddable":true,"href":"https:\/\/corepluspr.com\/es\/wp-json\/wp\/v2\/product_brand?post=3470"},{"taxonomy":"product_cat","embeddable":true,"href":"https:\/\/corepluspr.com\/es\/wp-json\/wp\/v2\/product_cat?post=3470"},{"taxonomy":"product_tag","embeddable":true,"href":"https:\/\/corepluspr.com\/es\/wp-json\/wp\/v2\/product_tag?post=3470"}],"curies":[{"name":"wp","href":"https:\/\/api.w.org\/{rel}","templated":true}]}}