{"id":3591,"date":"2024-04-24T23:01:59","date_gmt":"2024-04-24T23:01:59","guid":{"rendered":"https:\/\/corepluspr.com\/product\/panel-tiroideo-completo\/"},"modified":"2024-05-16T16:53:44","modified_gmt":"2024-05-16T16:53:44","slug":"panel-tiroideo-completo","status":"publish","type":"product","link":"https:\/\/corepluspr.com\/es\/producto\/panel-tiroideo-completo\/","title":{"rendered":"Panel tiroideo completo"},"content":{"rendered":"<p>El Panel Integral de Tiroides es una evaluaci\u00f3n exhaustiva dise\u00f1ada para analizar diversos aspectos de la funci\u00f3n tiroidea. Incluye mediciones de la hormona estimulante del tiroides (TSH), captaci\u00f3n de T3, T4 libre, T4 total y anticuerpos antiperoxidasa tiroidea.<\/p>\n<p><strong>Hormona estimulante del tiroides (TSH):<\/strong> An\u00e1lisis que mide el nivel de TSH en sangre para comprobar el funcionamiento de la gl\u00e1ndula tiroides. Unos niveles altos de TSH pueden indicar una tiroides hipoactiva (hipotiroidismo), mientras que unos niveles bajos pueden sugerir una tiroides hiperactiva (hipertiroidismo).<\/p>\n<p><strong>Captaci\u00f3n de T3:<\/strong> An\u00e1lisis que mide la cantidad de triyodotironina (T3) que ocupan las prote\u00ednas fijadoras de la hormona tiroidea en la sangre y se utiliza para evaluar la funci\u00f3n tiroidea.<\/p>\n<p><strong>T4 libre:<\/strong> Mide la cantidad de hormona T4 no ligada en la sangre, que est\u00e1 disponible para entrar y afectar a los tejidos del organismo. Unos niveles bajos o altos pueden indicar una disfunci\u00f3n tiroidea.<\/p>\n<p><strong>T4 total: <\/strong> Mide el nivel global de la hormona T4 en sangre. Se utiliza para ayudar a diagnosticar el hipertiroidismo y el hipotiroidismo.<\/p>\n<p><strong>Anticuerpos contra la peroxidasa tiroidea (TPO):<\/strong> Mide los anticuerpos dirigidos contra la peroxidasa tiroidea, una enzima de la gl\u00e1ndula tiroides que es crucial para producir hormonas tiroideas. Los niveles elevados de anticuerpos TPO pueden sugerir una tiroiditis autoinmune, una causa frecuente de hipotiroidismo.<\/p>\n<p>Tome medidas proactivas para entender su funci\u00f3n tiroidea programando su Panel Integral de Tiroides hoy mismo.<\/p>\n<p>&nbsp;<\/p>\n","protected":false},"excerpt":{"rendered":"<p>El Panel Integral de Tiroides es una evaluaci\u00f3n exhaustiva dise\u00f1ada para analizar diversos aspectos de la funci\u00f3n tiroidea.<\/p>\n","protected":false},"featured_media":3529,"template":"","meta":{"_acf_changed":false},"product_brand":[],"product_cat":[44,68,78],"product_tag":[],"class_list":{"0":"post-3591","1":"product","2":"type-product","3":"status-publish","4":"has-post-thumbnail","6":"product_cat-pruebas","7":"product_cat-wellness-es","8":"product_cat-pruebas-de-salud-y-bienestar","10":"first","11":"instock","12":"virtual","13":"sold-individually","14":"taxable","15":"purchasable","16":"product-type-simple"},"acf":[],"yoast_head":"<!-- This site is optimized with the Yoast SEO plugin v27.1.1 - https:\/\/yoast.com\/product\/yoast-seo-wordpress\/ -->\n<title>Panel tiroideo completo - CorePlus<\/title>\n<meta name=\"description\" content=\"El Panel Integral de Tiroides es una evaluaci\u00f3n exhaustiva dise\u00f1ada para analizar diversos aspectos de la funci\u00f3n tiroidea.\" \/>\n<meta name=\"robots\" content=\"index, follow, max-snippet:-1, max-image-preview:large, max-video-preview:-1\" \/>\n<link rel=\"canonical\" href=\"https:\/\/corepluspr.com\/es\/producto\/panel-tiroideo-completo\/\" \/>\n<meta property=\"og:locale\" content=\"es_ES\" \/>\n<meta property=\"og:type\" content=\"article\" \/>\n<meta property=\"og:title\" content=\"Panel tiroideo completo - CorePlus\" \/>\n<meta property=\"og:description\" content=\"El Panel Integral de Tiroides es una evaluaci\u00f3n exhaustiva dise\u00f1ada para analizar diversos aspectos de la funci\u00f3n tiroidea.\" \/>\n<meta property=\"og:url\" content=\"https:\/\/corepluspr.com\/es\/producto\/panel-tiroideo-completo\/\" \/>\n<meta property=\"og:site_name\" content=\"CorePlus\" \/>\n<meta property=\"article:publisher\" content=\"https:\/\/www.facebook.com\/corepluspr\" \/>\n<meta property=\"article:modified_time\" content=\"2024-05-16T16:53:44+00:00\" \/>\n<meta property=\"og:image\" content=\"https:\/\/corepluspr.com\/wp-content\/uploads\/2024\/04\/tests-img_thyroid.jpg\" \/>\n\t<meta property=\"og:image:width\" content=\"1288\" \/>\n\t<meta property=\"og:image:height\" content=\"1288\" \/>\n\t<meta property=\"og:image:type\" content=\"image\/jpeg\" \/>\n<meta name=\"twitter:card\" content=\"summary_large_image\" \/>\n<meta name=\"twitter:site\" content=\"@corepluspr\" \/>\n<meta name=\"twitter:label1\" content=\"Tiempo de lectura\" \/>\n\t<meta name=\"twitter:data1\" content=\"1 minuto\" \/>\n<script type=\"application\/ld+json\" class=\"yoast-schema-graph\">{\"@context\":\"https:\/\/schema.org\",\"@graph\":[{\"@type\":\"WebPage\",\"@id\":\"https:\/\/corepluspr.com\/es\/producto\/panel-tiroideo-completo\/\",\"url\":\"https:\/\/corepluspr.com\/es\/producto\/panel-tiroideo-completo\/\",\"name\":\"Panel tiroideo completo - CorePlus\",\"isPartOf\":{\"@id\":\"https:\/\/corepluspr.com\/#website\"},\"primaryImageOfPage\":{\"@id\":\"https:\/\/corepluspr.com\/es\/producto\/panel-tiroideo-completo\/#primaryimage\"},\"image\":{\"@id\":\"https:\/\/corepluspr.com\/es\/producto\/panel-tiroideo-completo\/#primaryimage\"},\"thumbnailUrl\":\"https:\/\/corepluspr.com\/wp-content\/uploads\/2024\/04\/tests-img_thyroid.jpg\",\"datePublished\":\"2024-04-24T23:01:59+00:00\",\"dateModified\":\"2024-05-16T16:53:44+00:00\",\"description\":\"El Panel Integral de Tiroides es una evaluaci\u00f3n exhaustiva dise\u00f1ada para analizar diversos aspectos de la funci\u00f3n tiroidea.\",\"breadcrumb\":{\"@id\":\"https:\/\/corepluspr.com\/es\/producto\/panel-tiroideo-completo\/#breadcrumb\"},\"inLanguage\":\"es\",\"potentialAction\":[{\"@type\":\"ReadAction\",\"target\":[\"https:\/\/corepluspr.com\/es\/producto\/panel-tiroideo-completo\/\"]}]},{\"@type\":\"ImageObject\",\"inLanguage\":\"es\",\"@id\":\"https:\/\/corepluspr.com\/es\/producto\/panel-tiroideo-completo\/#primaryimage\",\"url\":\"https:\/\/corepluspr.com\/wp-content\/uploads\/2024\/04\/tests-img_thyroid.jpg\",\"contentUrl\":\"https:\/\/corepluspr.com\/wp-content\/uploads\/2024\/04\/tests-img_thyroid.jpg\",\"width\":1288,\"height\":1288},{\"@type\":\"BreadcrumbList\",\"@id\":\"https:\/\/corepluspr.com\/es\/producto\/panel-tiroideo-completo\/#breadcrumb\",\"itemListElement\":[{\"@type\":\"ListItem\",\"position\":1,\"name\":\"Home\",\"item\":\"https:\/\/corepluspr.com\/es\/inicio\/\"},{\"@type\":\"ListItem\",\"position\":2,\"name\":\"Tienda\",\"item\":\"https:\/\/corepluspr.com\/es\/tienda\/\"},{\"@type\":\"ListItem\",\"position\":3,\"name\":\"Panel tiroideo completo\"}]},{\"@type\":\"WebSite\",\"@id\":\"https:\/\/corepluspr.com\/#website\",\"url\":\"https:\/\/corepluspr.com\/\",\"name\":\"CorePlus\",\"description\":\"A Global Leader in Precision Pathology and Laboratory Testing\",\"publisher\":{\"@id\":\"https:\/\/corepluspr.com\/#organization\"},\"potentialAction\":[{\"@type\":\"SearchAction\",\"target\":{\"@type\":\"EntryPoint\",\"urlTemplate\":\"https:\/\/corepluspr.com\/?s={search_term_string}\"},\"query-input\":{\"@type\":\"PropertyValueSpecification\",\"valueRequired\":true,\"valueName\":\"search_term_string\"}}],\"inLanguage\":\"es\"},{\"@type\":\"Organization\",\"@id\":\"https:\/\/corepluspr.com\/#organization\",\"name\":\"CorePlus\",\"url\":\"https:\/\/corepluspr.com\/\",\"logo\":{\"@type\":\"ImageObject\",\"inLanguage\":\"es\",\"@id\":\"https:\/\/corepluspr.com\/#\/schema\/logo\/image\/\",\"url\":\"https:\/\/corepluspr.com\/wp-content\/uploads\/2023\/08\/CP_logo-9.png\",\"contentUrl\":\"https:\/\/corepluspr.com\/wp-content\/uploads\/2023\/08\/CP_logo-9.png\",\"width\":600,\"height\":600,\"caption\":\"CorePlus\"},\"image\":{\"@id\":\"https:\/\/corepluspr.com\/#\/schema\/logo\/image\/\"},\"sameAs\":[\"https:\/\/www.facebook.com\/corepluspr\",\"https:\/\/x.com\/corepluspr\",\"https:\/\/www.instagram.com\/corepluspr\/\",\"https:\/\/www.youtube.com\/@corepluspr\",\"https:\/\/www.linkedin.com\/company\/corepluspr\"]}]}<\/script>\n<!-- \/ Yoast SEO plugin. -->","yoast_head_json":{"title":"Panel tiroideo completo - CorePlus","description":"El Panel Integral de Tiroides es una evaluaci\u00f3n exhaustiva dise\u00f1ada para analizar diversos aspectos de la funci\u00f3n tiroidea.","robots":{"index":"index","follow":"follow","max-snippet":"max-snippet:-1","max-image-preview":"max-image-preview:large","max-video-preview":"max-video-preview:-1"},"canonical":"https:\/\/corepluspr.com\/es\/producto\/panel-tiroideo-completo\/","og_locale":"es_ES","og_type":"article","og_title":"Panel tiroideo completo - CorePlus","og_description":"El Panel Integral de Tiroides es una evaluaci\u00f3n exhaustiva dise\u00f1ada para analizar diversos aspectos de la funci\u00f3n tiroidea.","og_url":"https:\/\/corepluspr.com\/es\/producto\/panel-tiroideo-completo\/","og_site_name":"CorePlus","article_publisher":"https:\/\/www.facebook.com\/corepluspr","article_modified_time":"2024-05-16T16:53:44+00:00","og_image":[{"width":1288,"height":1288,"url":"https:\/\/corepluspr.com\/wp-content\/uploads\/2024\/04\/tests-img_thyroid.jpg","type":"image\/jpeg"}],"twitter_card":"summary_large_image","twitter_site":"@corepluspr","twitter_misc":{"Tiempo de lectura":"1 minuto"},"schema":{"@context":"https:\/\/schema.org","@graph":[{"@type":"WebPage","@id":"https:\/\/corepluspr.com\/es\/producto\/panel-tiroideo-completo\/","url":"https:\/\/corepluspr.com\/es\/producto\/panel-tiroideo-completo\/","name":"Panel tiroideo completo - CorePlus","isPartOf":{"@id":"https:\/\/corepluspr.com\/#website"},"primaryImageOfPage":{"@id":"https:\/\/corepluspr.com\/es\/producto\/panel-tiroideo-completo\/#primaryimage"},"image":{"@id":"https:\/\/corepluspr.com\/es\/producto\/panel-tiroideo-completo\/#primaryimage"},"thumbnailUrl":"https:\/\/corepluspr.com\/wp-content\/uploads\/2024\/04\/tests-img_thyroid.jpg","datePublished":"2024-04-24T23:01:59+00:00","dateModified":"2024-05-16T16:53:44+00:00","description":"El Panel Integral de Tiroides es una evaluaci\u00f3n exhaustiva dise\u00f1ada para analizar diversos aspectos de la funci\u00f3n tiroidea.","breadcrumb":{"@id":"https:\/\/corepluspr.com\/es\/producto\/panel-tiroideo-completo\/#breadcrumb"},"inLanguage":"es","potentialAction":[{"@type":"ReadAction","target":["https:\/\/corepluspr.com\/es\/producto\/panel-tiroideo-completo\/"]}]},{"@type":"ImageObject","inLanguage":"es","@id":"https:\/\/corepluspr.com\/es\/producto\/panel-tiroideo-completo\/#primaryimage","url":"https:\/\/corepluspr.com\/wp-content\/uploads\/2024\/04\/tests-img_thyroid.jpg","contentUrl":"https:\/\/corepluspr.com\/wp-content\/uploads\/2024\/04\/tests-img_thyroid.jpg","width":1288,"height":1288},{"@type":"BreadcrumbList","@id":"https:\/\/corepluspr.com\/es\/producto\/panel-tiroideo-completo\/#breadcrumb","itemListElement":[{"@type":"ListItem","position":1,"name":"Home","item":"https:\/\/corepluspr.com\/es\/inicio\/"},{"@type":"ListItem","position":2,"name":"Tienda","item":"https:\/\/corepluspr.com\/es\/tienda\/"},{"@type":"ListItem","position":3,"name":"Panel tiroideo completo"}]},{"@type":"WebSite","@id":"https:\/\/corepluspr.com\/#website","url":"https:\/\/corepluspr.com\/","name":"CorePlus","description":"A Global Leader in Precision Pathology and Laboratory Testing","publisher":{"@id":"https:\/\/corepluspr.com\/#organization"},"potentialAction":[{"@type":"SearchAction","target":{"@type":"EntryPoint","urlTemplate":"https:\/\/corepluspr.com\/?s={search_term_string}"},"query-input":{"@type":"PropertyValueSpecification","valueRequired":true,"valueName":"search_term_string"}}],"inLanguage":"es"},{"@type":"Organization","@id":"https:\/\/corepluspr.com\/#organization","name":"CorePlus","url":"https:\/\/corepluspr.com\/","logo":{"@type":"ImageObject","inLanguage":"es","@id":"https:\/\/corepluspr.com\/#\/schema\/logo\/image\/","url":"https:\/\/corepluspr.com\/wp-content\/uploads\/2023\/08\/CP_logo-9.png","contentUrl":"https:\/\/corepluspr.com\/wp-content\/uploads\/2023\/08\/CP_logo-9.png","width":600,"height":600,"caption":"CorePlus"},"image":{"@id":"https:\/\/corepluspr.com\/#\/schema\/logo\/image\/"},"sameAs":["https:\/\/www.facebook.com\/corepluspr","https:\/\/x.com\/corepluspr","https:\/\/www.instagram.com\/corepluspr\/","https:\/\/www.youtube.com\/@corepluspr","https:\/\/www.linkedin.com\/company\/corepluspr"]}]}},"_links":{"self":[{"href":"https:\/\/corepluspr.com\/es\/wp-json\/wp\/v2\/product\/3591","targetHints":{"allow":["GET"]}}],"collection":[{"href":"https:\/\/corepluspr.com\/es\/wp-json\/wp\/v2\/product"}],"about":[{"href":"https:\/\/corepluspr.com\/es\/wp-json\/wp\/v2\/types\/product"}],"wp:featuredmedia":[{"embeddable":true,"href":"https:\/\/corepluspr.com\/es\/wp-json\/wp\/v2\/media\/3529"}],"wp:attachment":[{"href":"https:\/\/corepluspr.com\/es\/wp-json\/wp\/v2\/media?parent=3591"}],"wp:term":[{"taxonomy":"product_brand","embeddable":true,"href":"https:\/\/corepluspr.com\/es\/wp-json\/wp\/v2\/product_brand?post=3591"},{"taxonomy":"product_cat","embeddable":true,"href":"https:\/\/corepluspr.com\/es\/wp-json\/wp\/v2\/product_cat?post=3591"},{"taxonomy":"product_tag","embeddable":true,"href":"https:\/\/corepluspr.com\/es\/wp-json\/wp\/v2\/product_tag?post=3591"}],"curies":[{"name":"wp","href":"https:\/\/api.w.org\/{rel}","templated":true}]}}