{"id":4207,"date":"2026-03-05T16:42:18","date_gmt":"2026-03-05T20:42:18","guid":{"rendered":"https:\/\/corepluspr.com\/product\/mycosure\/"},"modified":"2026-03-25T11:23:23","modified_gmt":"2026-03-25T15:23:23","slug":"mycosure","status":"publish","type":"product","link":"https:\/\/corepluspr.com\/es\/producto\/mycosure\/","title":{"rendered":"MycoSure+ PCR"},"content":{"rendered":"<p>Nuestra avanzada tecnolog\u00eda PCR garantiza resultados precisos con un m\u00ednimo de falsos positivos o negativos, incluso en las primeras etapas.<\/p>\n<p>La elecci\u00f3n inteligente para una detecci\u00f3n r\u00e1pida y fiable.<\/p>\n","protected":false},"excerpt":{"rendered":"<p>Detecte Mycoplasma pneumoniae en un tiempo r\u00e9cord con MycoSure+.<\/p>\n","protected":false},"featured_media":4206,"template":"","meta":{"_acf_changed":false},"product_brand":[],"product_cat":[44,68,80],"product_tag":[],"class_list":{"0":"post-4207","1":"product","2":"type-product","3":"status-publish","4":"has-post-thumbnail","6":"product_cat-pruebas","7":"product_cat-wellness-es","8":"product_cat-pruebas-de-enfermedades-infecciosas","10":"first","11":"instock","12":"sold-individually","13":"taxable","14":"shipping-taxable","15":"purchasable","16":"product-type-simple"},"acf":[],"yoast_head":"<!-- This site is optimized with the Yoast SEO plugin v27.1.1 - https:\/\/yoast.com\/product\/yoast-seo-wordpress\/ -->\n<title>MycoSure+ PCR - CorePlus<\/title>\n<meta name=\"robots\" content=\"index, follow, max-snippet:-1, max-image-preview:large, max-video-preview:-1\" \/>\n<link rel=\"canonical\" href=\"https:\/\/corepluspr.com\/es\/producto\/mycosure\/\" \/>\n<meta property=\"og:locale\" content=\"es_ES\" \/>\n<meta property=\"og:type\" content=\"article\" \/>\n<meta property=\"og:title\" content=\"MycoSure+ PCR - CorePlus\" \/>\n<meta property=\"og:description\" content=\"Detecte Mycoplasma pneumoniae en un tiempo r\u00e9cord con MycoSure+.\" \/>\n<meta property=\"og:url\" content=\"https:\/\/corepluspr.com\/es\/producto\/mycosure\/\" \/>\n<meta property=\"og:site_name\" content=\"CorePlus\" \/>\n<meta property=\"article:publisher\" content=\"https:\/\/www.facebook.com\/corepluspr\" \/>\n<meta property=\"article:modified_time\" content=\"2026-03-25T15:23:23+00:00\" \/>\n<meta property=\"og:image\" content=\"https:\/\/corepluspr.com\/wp-content\/uploads\/2026\/03\/mycosure.jpg\" \/>\n\t<meta property=\"og:image:width\" content=\"1600\" \/>\n\t<meta property=\"og:image:height\" content=\"1600\" \/>\n\t<meta property=\"og:image:type\" content=\"image\/jpeg\" \/>\n<meta name=\"twitter:card\" content=\"summary_large_image\" \/>\n<meta name=\"twitter:site\" content=\"@corepluspr\" \/>\n<script type=\"application\/ld+json\" class=\"yoast-schema-graph\">{\"@context\":\"https:\/\/schema.org\",\"@graph\":[{\"@type\":\"WebPage\",\"@id\":\"https:\/\/corepluspr.com\/es\/producto\/mycosure\/\",\"url\":\"https:\/\/corepluspr.com\/es\/producto\/mycosure\/\",\"name\":\"MycoSure+ PCR - CorePlus\",\"isPartOf\":{\"@id\":\"https:\/\/corepluspr.com\/#website\"},\"primaryImageOfPage\":{\"@id\":\"https:\/\/corepluspr.com\/es\/producto\/mycosure\/#primaryimage\"},\"image\":{\"@id\":\"https:\/\/corepluspr.com\/es\/producto\/mycosure\/#primaryimage\"},\"thumbnailUrl\":\"https:\/\/corepluspr.com\/wp-content\/uploads\/2026\/03\/mycosure.jpg\",\"datePublished\":\"2026-03-05T20:42:18+00:00\",\"dateModified\":\"2026-03-25T15:23:23+00:00\",\"breadcrumb\":{\"@id\":\"https:\/\/corepluspr.com\/es\/producto\/mycosure\/#breadcrumb\"},\"inLanguage\":\"es\",\"potentialAction\":[{\"@type\":\"ReadAction\",\"target\":[\"https:\/\/corepluspr.com\/es\/producto\/mycosure\/\"]}]},{\"@type\":\"ImageObject\",\"inLanguage\":\"es\",\"@id\":\"https:\/\/corepluspr.com\/es\/producto\/mycosure\/#primaryimage\",\"url\":\"https:\/\/corepluspr.com\/wp-content\/uploads\/2026\/03\/mycosure.jpg\",\"contentUrl\":\"https:\/\/corepluspr.com\/wp-content\/uploads\/2026\/03\/mycosure.jpg\",\"width\":1600,\"height\":1600,\"caption\":\"Mujer tosiendo\"},{\"@type\":\"BreadcrumbList\",\"@id\":\"https:\/\/corepluspr.com\/es\/producto\/mycosure\/#breadcrumb\",\"itemListElement\":[{\"@type\":\"ListItem\",\"position\":1,\"name\":\"Home\",\"item\":\"https:\/\/corepluspr.com\/es\/inicio\/\"},{\"@type\":\"ListItem\",\"position\":2,\"name\":\"Tienda\",\"item\":\"https:\/\/corepluspr.com\/es\/tienda\/\"},{\"@type\":\"ListItem\",\"position\":3,\"name\":\"MycoSure+ PCR\"}]},{\"@type\":\"WebSite\",\"@id\":\"https:\/\/corepluspr.com\/#website\",\"url\":\"https:\/\/corepluspr.com\/\",\"name\":\"CorePlus\",\"description\":\"A Global Leader in Precision Pathology and Laboratory Testing\",\"publisher\":{\"@id\":\"https:\/\/corepluspr.com\/#organization\"},\"potentialAction\":[{\"@type\":\"SearchAction\",\"target\":{\"@type\":\"EntryPoint\",\"urlTemplate\":\"https:\/\/corepluspr.com\/?s={search_term_string}\"},\"query-input\":{\"@type\":\"PropertyValueSpecification\",\"valueRequired\":true,\"valueName\":\"search_term_string\"}}],\"inLanguage\":\"es\"},{\"@type\":\"Organization\",\"@id\":\"https:\/\/corepluspr.com\/#organization\",\"name\":\"CorePlus\",\"url\":\"https:\/\/corepluspr.com\/\",\"logo\":{\"@type\":\"ImageObject\",\"inLanguage\":\"es\",\"@id\":\"https:\/\/corepluspr.com\/#\/schema\/logo\/image\/\",\"url\":\"https:\/\/corepluspr.com\/wp-content\/uploads\/2023\/08\/CP_logo-9.png\",\"contentUrl\":\"https:\/\/corepluspr.com\/wp-content\/uploads\/2023\/08\/CP_logo-9.png\",\"width\":600,\"height\":600,\"caption\":\"CorePlus\"},\"image\":{\"@id\":\"https:\/\/corepluspr.com\/#\/schema\/logo\/image\/\"},\"sameAs\":[\"https:\/\/www.facebook.com\/corepluspr\",\"https:\/\/x.com\/corepluspr\",\"https:\/\/www.instagram.com\/corepluspr\/\",\"https:\/\/www.youtube.com\/@corepluspr\",\"https:\/\/www.linkedin.com\/company\/corepluspr\"]}]}<\/script>\n<!-- \/ Yoast SEO plugin. -->","yoast_head_json":{"title":"MycoSure+ PCR - CorePlus","robots":{"index":"index","follow":"follow","max-snippet":"max-snippet:-1","max-image-preview":"max-image-preview:large","max-video-preview":"max-video-preview:-1"},"canonical":"https:\/\/corepluspr.com\/es\/producto\/mycosure\/","og_locale":"es_ES","og_type":"article","og_title":"MycoSure+ PCR - CorePlus","og_description":"Detecte Mycoplasma pneumoniae en un tiempo r\u00e9cord con MycoSure+.","og_url":"https:\/\/corepluspr.com\/es\/producto\/mycosure\/","og_site_name":"CorePlus","article_publisher":"https:\/\/www.facebook.com\/corepluspr","article_modified_time":"2026-03-25T15:23:23+00:00","og_image":[{"width":1600,"height":1600,"url":"https:\/\/corepluspr.com\/wp-content\/uploads\/2026\/03\/mycosure.jpg","type":"image\/jpeg"}],"twitter_card":"summary_large_image","twitter_site":"@corepluspr","schema":{"@context":"https:\/\/schema.org","@graph":[{"@type":"WebPage","@id":"https:\/\/corepluspr.com\/es\/producto\/mycosure\/","url":"https:\/\/corepluspr.com\/es\/producto\/mycosure\/","name":"MycoSure+ PCR - CorePlus","isPartOf":{"@id":"https:\/\/corepluspr.com\/#website"},"primaryImageOfPage":{"@id":"https:\/\/corepluspr.com\/es\/producto\/mycosure\/#primaryimage"},"image":{"@id":"https:\/\/corepluspr.com\/es\/producto\/mycosure\/#primaryimage"},"thumbnailUrl":"https:\/\/corepluspr.com\/wp-content\/uploads\/2026\/03\/mycosure.jpg","datePublished":"2026-03-05T20:42:18+00:00","dateModified":"2026-03-25T15:23:23+00:00","breadcrumb":{"@id":"https:\/\/corepluspr.com\/es\/producto\/mycosure\/#breadcrumb"},"inLanguage":"es","potentialAction":[{"@type":"ReadAction","target":["https:\/\/corepluspr.com\/es\/producto\/mycosure\/"]}]},{"@type":"ImageObject","inLanguage":"es","@id":"https:\/\/corepluspr.com\/es\/producto\/mycosure\/#primaryimage","url":"https:\/\/corepluspr.com\/wp-content\/uploads\/2026\/03\/mycosure.jpg","contentUrl":"https:\/\/corepluspr.com\/wp-content\/uploads\/2026\/03\/mycosure.jpg","width":1600,"height":1600,"caption":"Mujer tosiendo"},{"@type":"BreadcrumbList","@id":"https:\/\/corepluspr.com\/es\/producto\/mycosure\/#breadcrumb","itemListElement":[{"@type":"ListItem","position":1,"name":"Home","item":"https:\/\/corepluspr.com\/es\/inicio\/"},{"@type":"ListItem","position":2,"name":"Tienda","item":"https:\/\/corepluspr.com\/es\/tienda\/"},{"@type":"ListItem","position":3,"name":"MycoSure+ PCR"}]},{"@type":"WebSite","@id":"https:\/\/corepluspr.com\/#website","url":"https:\/\/corepluspr.com\/","name":"CorePlus","description":"A Global Leader in Precision Pathology and Laboratory Testing","publisher":{"@id":"https:\/\/corepluspr.com\/#organization"},"potentialAction":[{"@type":"SearchAction","target":{"@type":"EntryPoint","urlTemplate":"https:\/\/corepluspr.com\/?s={search_term_string}"},"query-input":{"@type":"PropertyValueSpecification","valueRequired":true,"valueName":"search_term_string"}}],"inLanguage":"es"},{"@type":"Organization","@id":"https:\/\/corepluspr.com\/#organization","name":"CorePlus","url":"https:\/\/corepluspr.com\/","logo":{"@type":"ImageObject","inLanguage":"es","@id":"https:\/\/corepluspr.com\/#\/schema\/logo\/image\/","url":"https:\/\/corepluspr.com\/wp-content\/uploads\/2023\/08\/CP_logo-9.png","contentUrl":"https:\/\/corepluspr.com\/wp-content\/uploads\/2023\/08\/CP_logo-9.png","width":600,"height":600,"caption":"CorePlus"},"image":{"@id":"https:\/\/corepluspr.com\/#\/schema\/logo\/image\/"},"sameAs":["https:\/\/www.facebook.com\/corepluspr","https:\/\/x.com\/corepluspr","https:\/\/www.instagram.com\/corepluspr\/","https:\/\/www.youtube.com\/@corepluspr","https:\/\/www.linkedin.com\/company\/corepluspr"]}]}},"_links":{"self":[{"href":"https:\/\/corepluspr.com\/es\/wp-json\/wp\/v2\/product\/4207","targetHints":{"allow":["GET"]}}],"collection":[{"href":"https:\/\/corepluspr.com\/es\/wp-json\/wp\/v2\/product"}],"about":[{"href":"https:\/\/corepluspr.com\/es\/wp-json\/wp\/v2\/types\/product"}],"wp:featuredmedia":[{"embeddable":true,"href":"https:\/\/corepluspr.com\/es\/wp-json\/wp\/v2\/media\/4206"}],"wp:attachment":[{"href":"https:\/\/corepluspr.com\/es\/wp-json\/wp\/v2\/media?parent=4207"}],"wp:term":[{"taxonomy":"product_brand","embeddable":true,"href":"https:\/\/corepluspr.com\/es\/wp-json\/wp\/v2\/product_brand?post=4207"},{"taxonomy":"product_cat","embeddable":true,"href":"https:\/\/corepluspr.com\/es\/wp-json\/wp\/v2\/product_cat?post=4207"},{"taxonomy":"product_tag","embeddable":true,"href":"https:\/\/corepluspr.com\/es\/wp-json\/wp\/v2\/product_tag?post=4207"}],"curies":[{"name":"wp","href":"https:\/\/api.w.org\/{rel}","templated":true}]}}